{"id":1561,"date":"2024-01-04T09:14:25","date_gmt":"2024-01-04T09:14:25","guid":{"rendered":"https:\/\/villehardouin.com\/?page_id=1561"},"modified":"2024-10-09T10:07:43","modified_gmt":"2024-10-09T10:07:43","slug":"proprieta","status":"publish","type":"page","link":"https:\/\/villehardouin.com\/it\/proprieta\/","title":{"rendered":"Propriet\u00e0"},"content":{"rendered":"<ul>\n<li>\n<p>        <img decoding=\"async\" src=\"\/wp-content\/uploads\/2024\/01\/villehardouin-12.jpg\" alt=\"\"><\/p>\n<\/li>\n<li>\n<p>        <img decoding=\"async\" src=\"\/wp-content\/uploads\/2024\/01\/72263734.jpg\" alt=\"\"><\/p>\n<\/li>\n<li>\n<p>        <img decoding=\"async\" src=\"\/wp-content\/uploads\/2024\/01\/villehardouin-14.jpg\" alt=\"\"><\/p>\n<\/li>\n<\/ul>\n<h1>\n<p>LA TENUTA E LA SUA STORIA:<\/p>\n<\/h1>\n<div>\n<p>La nostra fattoria \u00e8 verdeggiante e piena di alberi di agrumi, pero, pesco, albicocco, fico, kumquat, vaniglia e ulivo, tanti alberi e fiori ornamentali e aromatici, che ti aspettano nella stagione giusta per tagliarli e gustarli.<\/p>\n<p>I titoli di propriet\u00e0 della tenuta appartengono alla nostra famiglia (Katsunis) e sono profondamente radicati nella storia locale. Il nome Guglielmo &#8211; per noi Tradizione &#8211; si ripete di padre in padre e arriva fino al Patriarca della famiglia, il quale\u00a0 proveniva dal vicino Peloponneso con la sua storia. Nel Medioevo bizantino, i crociati franchi con Godfrey Villeardouin fondarono il Principato di Acaia. Due dei suoi successori portarono il nome Guglielmo, il pi\u00f9 importante dei quali fu Guglielmo II Villeardouin. Quindi da l\u00ec, e guidati dalla nostra tradizione locale e dal nostro albero genealogico, abbiamo ispirato il nome di Villehardouin Farm Estate.<\/p>\n<\/div>\n<h1>\n<p>MAR IONIO:<\/p>\n<\/h1>\n<div>\n<p>La tenuta si affaccia sull&#8217;azzurro Mar Ionio. Prende il nome dalla bellissima principessa Io, di cui Zeus si innamor\u00f2 e per proteggerla dalla gelosia di Era, la trasform\u00f2 in una mucca. Inseguita da Era, per\u00f2, attravers\u00f2 a nuoto il mare, che prese il suo nome.<\/p>\n<\/div>\n<h1>\n<p>CEFALONIA:<\/p>\n<\/h1>\n<div>\n<p>Cefalonia prende il nome dall&#8217;eroe Kefalos. Prese parte alla guerra di Troia guidata da Ulisse. In epoca classica (V-IV secolo aC) era divisa in quattro citt\u00e0-stato: Krani, Pali, Sami Pronnoi. In epoca bizantina, per ragioni di difesa dei confini di Bisanzio, fu regione amministrativa, Kefallinia, e dal 1185 passer\u00e0 sotto il dominio di Normanni, Franchi e Veneziani con capoluogo il castello di San Giorgio (Palatino Contea di Kefallinia). Dal 1797 al 1864, anno in cui fu unita alla Grecia, l&#8217;isola conobbe numerosi conquistatori: francesi, russi, turchi e inglesi.<\/p>\n<\/p>\n<\/div>\n<ul>\n<li>\n<p>        <img decoding=\"async\" src=\"\/wp-content\/uploads\/2024\/01\/%CE%9A%CF%81%CE%AC%CE%BD%CE%B7%CF%82.jpg\" alt=\"\"><\/p>\n<h3>Moneta di Krani<\/h3>\n<\/li>\n<li>\n<p>        <img decoding=\"async\" src=\"\/wp-content\/uploads\/2024\/01\/%CE%A0%CE%AC%CE%BB%CE%B7%CF%82.jpg\" alt=\"\"><\/p>\n<h3>Moneta di Pali<\/h3>\n<\/li>\n<li>\n<p>        <img decoding=\"async\" src=\"\/wp-content\/uploads\/2024\/01\/%CE%A0%CF%81%CF%8C%CE%BD%CE%BD%CF%89%CE%BD-1.jpg\" alt=\"\"><\/p>\n<h3>Moneta di Pronnon<\/h3>\n<\/li>\n<li>\n<p>        <img decoding=\"async\" src=\"\/wp-content\/uploads\/2024\/01\/%CE%A3%CE%AC%CE%BC%CE%B7%CF%82.jpg\" alt=\"\"><\/p>\n<h3>Moneta di Sami<\/h3>\n<\/li>\n<\/ul>\n<ul>\n<li>\n<p>        <img decoding=\"async\" src=\"\/wp-content\/uploads\/2024\/06\/cover-scaled.jpg\" alt=\"\"><\/p>\n<\/li>\n<li>\n<p>        <img decoding=\"async\" src=\"\/wp-content\/uploads\/2024\/06\/LR65762-Edit.jpg\" alt=\"\"><\/p>\n<\/li>\n<li>\n<p>        <img decoding=\"async\" src=\"\/wp-content\/uploads\/2024\/06\/LR65924-Edit.jpg\" alt=\"\"><\/p>\n<\/li>\n<li>\n<p>        <img decoding=\"async\" src=\"\/wp-content\/uploads\/2024\/06\/LR65964-Edit-scaled.jpg\" alt=\"\"><\/p>\n<\/li>\n<li>\n<p>        <img decoding=\"async\" src=\"\/wp-content\/uploads\/2024\/06\/LR65957-Edit-scaled.jpg\" alt=\"\"><\/p>\n<\/li>\n<li>\n<p>        <img decoding=\"async\" src=\"\/wp-content\/uploads\/2024\/06\/LR65938-Edit-scaled.jpg\" alt=\"\"><\/p>\n<\/li>\n<li>\n<p>        <img decoding=\"async\" src=\"\/wp-content\/uploads\/2024\/06\/LR65908-Edit-scaled.jpg\" alt=\"\"><\/p>\n<\/li>\n<li>\n<p>        <img decoding=\"async\" src=\"\/wp-content\/uploads\/2024\/06\/LR65877-Edit-scaled.jpg\" alt=\"\"><\/p>\n<\/li>\n<li>\n<p>        <img decoding=\"async\" src=\"\/wp-content\/uploads\/2024\/06\/LR65872-Edit-scaled.jpg\" alt=\"\"><\/p>\n<\/li>\n<li>\n<p>        <img decoding=\"async\" src=\"\/wp-content\/uploads\/2024\/06\/LR65871-Edit-scaled.jpg\" alt=\"\"><\/p>\n<\/li>\n<li>\n<p>        <img decoding=\"async\" src=\"\/wp-content\/uploads\/2024\/06\/LR65854-Edit-scaled.jpg\" alt=\"\"><\/p>\n<\/li>\n<li>\n<p>        <img decoding=\"async\" src=\"\/wp-content\/uploads\/2024\/06\/LR65853-Edit-scaled.jpg\" alt=\"\"><\/p>\n<\/li>\n<li>\n<p>        <img decoding=\"async\" src=\"\/wp-content\/uploads\/2024\/06\/LR65765-Edit-scaled.jpg\" alt=\"\"><\/p>\n<\/li>\n<li>\n<p>        <img decoding=\"async\" src=\"\/wp-content\/uploads\/2024\/06\/LR65748-Edit-copy-scaled.jpg\" alt=\"\"><\/p>\n<\/li>\n<li>\n<p>        <img decoding=\"async\" src=\"\/wp-content\/uploads\/2024\/06\/LR65641-Edit-scaled.jpg\" alt=\"\"><\/p>\n<\/li>\n<li>\n<p>        <img decoding=\"async\" src=\"\/wp-content\/uploads\/2024\/06\/LR65641-Edit-scaled.jpg\" alt=\"\"><\/p>\n<\/li>\n<li>\n<p>        <img decoding=\"async\" src=\"\/wp-content\/uploads\/2024\/06\/LR65893-HDR-Edit-copy-scaled.jpg\" alt=\"\"><\/p>\n<\/li>\n<li>\n<p>        <img decoding=\"async\" src=\"\/wp-content\/uploads\/2024\/06\/LR65631-Edit-scaled.jpg\" alt=\"\"><\/p>\n<\/li>\n<li>\n<p>        <img decoding=\"async\" src=\"\/wp-content\/uploads\/2024\/06\/cover-1-scaled.jpg\" alt=\"\"><\/p>\n<\/li>\n<li>\n<p>        <img decoding=\"async\" src=\"\/wp-content\/uploads\/2024\/06\/LR65898-HDR-Edit-scaled.jpg\" alt=\"\"><\/p>\n<\/li>\n<li>\n<p>        <img decoding=\"async\" src=\"\/wp-content\/uploads\/2024\/06\/LR65627-Edit-scaled.jpg\" alt=\"\"><\/p>\n<\/li>\n<\/ul>\n<p><!--more--><br \/>\n<!-- {\"type\":\"layout\",\"children\":[{\"type\":\"section\",\"props\":{\"image_position\":\"center-center\",\"padding_remove_bottom\":true,\"padding_remove_top\":true,\"style\":\"default\",\"title_breakpoint\":\"xl\",\"title_position\":\"top-left\",\"title_rotation\":\"left\",\"vertical_align\":\"middle\",\"width\":\"\"},\"children\":[{\"type\":\"row\",\"children\":[{\"type\":\"column\",\"props\":{\"image_position\":\"center-center\",\"position_sticky_breakpoint\":\"m\"},\"children\":[{\"type\":\"slideshow\",\"props\":{\"link_style\":\"default\",\"link_text\":\"Read more\",\"margin\":\"default\",\"meta_align\":\"below-title\",\"meta_element\":\"div\",\"meta_style\":\"text-meta\",\"nav\":\"dotnav\",\"nav_align\":\"center\",\"nav_breakpoint\":\"s\",\"nav_position\":\"bottom-center\",\"nav_position_margin\":\"medium\",\"overlay_animation\":\"parallax\",\"overlay_position\":\"center-left\",\"show_content\":true,\"show_link\":true,\"show_meta\":true,\"show_thumbnail\":true,\"show_title\":true,\"slidenav\":\"default\",\"slidenav_breakpoint\":\"s\",\"slidenav_margin\":\"medium\",\"slidenav_outside_breakpoint\":\"xl\",\"slideshow_autoplay_pause\":true,\"slideshow_min_height\":300,\"thumbnav_height\":\"75\",\"thumbnav_svg_color\":\"emphasis\",\"thumbnav_width\":\"100\",\"title_element\":\"h3\"},\"children\":[{\"type\":\"slideshow_item\",\"props\":{\"image\":\"wp-content\\\/uploads\\\/2024\\\/01\\\/villehardouin-12.jpg\"}},{\"type\":\"slideshow_item\",\"props\":{\"image\":\"wp-content\\\/uploads\\\/2024\\\/01\\\/72263734.jpg\"}},{\"type\":\"slideshow_item\",\"props\":{\"image\":\"wp-content\\\/uploads\\\/2024\\\/01\\\/villehardouin-14.jpg\"}}]}]}]}]},{\"type\":\"section\",\"props\":{\"image\":\"wp-content\\\/uploads\\\/2024\\\/01\\\/72263734.jpg\",\"image_effect\":\"fixed\",\"image_position\":\"center-center\",\"style\":\"default\",\"title_breakpoint\":\"xl\",\"title_position\":\"top-left\",\"title_rotation\":\"left\",\"vertical_align\":\"middle\",\"width\":\"default\"},\"children\":[{\"type\":\"row\",\"children\":[{\"type\":\"column\",\"props\":{\"image_position\":\"center-center\",\"position_sticky_breakpoint\":\"m\",\"style\":\"card-secondary\"},\"children\":[{\"type\":\"headline\",\"props\":{\"content\":\"\n\n<p>LA TENUTA E LA SUA STORIA:<\\\/p>\",\"text_align\":\"center\",\"title_element\":\"h1\"}},{\"type\":\"text\",\"props\":{\"column_breakpoint\":\"m\",\"content\":\"\n\n<p>La nostra fattoria \\u00e8 verdeggiante e piena di alberi di agrumi, pero, pesco, albicocco, fico, kumquat, vaniglia e ulivo, tanti alberi e fiori ornamentali e aromatici, che ti aspettano nella stagione giusta per tagliarli e gustarli.<\\\/p>\\n\n\n<p>I titoli di propriet\\u00e0 della tenuta appartengono alla nostra famiglia (Katsunis) e sono profondamente radicati nella storia locale. Il nome Guglielmo - per noi Tradizione - si ripete di padre in padre e arriva fino al Patriarca della famiglia, il quale\\u00a0 proveniva dal vicino Peloponneso con la sua storia. Nel Medioevo bizantino, i crociati franchi con Godfrey Villeardouin fondarono il Principato di Acaia. Due dei suoi successori portarono il nome Guglielmo, il pi\\u00f9 importante dei quali fu Guglielmo II Villeardouin. Quindi da l\\u00ec, e guidati dalla nostra tradizione locale e dal nostro albero genealogico, abbiamo ispirato il nome di Villehardouin Farm Estate.<\\\/p>\",\"dropcap\":true,\"margin\":\"default\",\"text_align\":\"justify\",\"text_style\":\"lead\"}}]}]}]},{\"type\":\"section\",\"props\":{\"image\":\"wp-content\\\/uploads\\\/2024\\\/01\\\/72263734.jpg\",\"image_effect\":\"fixed\",\"image_position\":\"center-center\",\"style\":\"default\",\"title_breakpoint\":\"xl\",\"title_position\":\"top-left\",\"title_rotation\":\"left\",\"vertical_align\":\"middle\",\"width\":\"default\"},\"children\":[{\"type\":\"row\",\"children\":[{\"type\":\"column\",\"props\":{\"image_position\":\"center-center\",\"position_sticky_breakpoint\":\"m\",\"style\":\"card-secondary\"},\"children\":[{\"type\":\"headline\",\"props\":{\"content\":\"\n\n<p>MAR IONIO:<\\\/p>\",\"text_align\":\"center\",\"title_element\":\"h1\"}},{\"type\":\"text\",\"props\":{\"column_breakpoint\":\"m\",\"content\":\"\n\n<p>La tenuta si affaccia sull'azzurro Mar Ionio. Prende il nome dalla bellissima principessa Io, di cui Zeus si innamor\\u00f2 e per proteggerla dalla gelosia di Era, la trasform\\u00f2 in una mucca. Inseguita da Era, per\\u00f2, attravers\\u00f2 a nuoto il mare, che prese il suo nome.<\\\/p>\",\"dropcap\":true,\"margin\":\"default\",\"text_align\":\"justify\",\"text_style\":\"lead\"}}]}]}]},{\"type\":\"section\",\"props\":{\"image\":\"wp-content\\\/uploads\\\/2024\\\/01\\\/72263734.jpg\",\"image_effect\":\"fixed\",\"image_position\":\"center-center\",\"style\":\"default\",\"title_breakpoint\":\"xl\",\"title_position\":\"top-left\",\"title_rotation\":\"left\",\"vertical_align\":\"middle\",\"width\":\"default\"},\"children\":[{\"type\":\"row\",\"children\":[{\"type\":\"column\",\"props\":{\"image_position\":\"center-center\",\"position_sticky_breakpoint\":\"m\",\"style\":\"card-secondary\"},\"children\":[{\"type\":\"headline\",\"props\":{\"content\":\"\n\n<p>CEFALONIA:<\\\/p>\",\"text_align\":\"center\",\"title_element\":\"h1\"}},{\"type\":\"text\",\"props\":{\"column_breakpoint\":\"m\",\"content\":\"\n\n<p>Cefalonia prende il nome dall'eroe Kefalos. Prese parte alla guerra di Troia guidata da Ulisse. In epoca classica (V-IV secolo aC) era divisa in quattro citt\\u00e0-stato: Krani, Pali, Sami Pronnoi. In epoca bizantina, per ragioni di difesa dei confini di Bisanzio, fu regione amministrativa, Kefallinia, e dal 1185 passer\\u00e0 sotto il dominio di Normanni, Franchi e Veneziani con capoluogo il castello di San Giorgio (Palatino Contea di Kefallinia). Dal 1797 al 1864, anno in cui fu unita alla Grecia, l'isola conobbe numerosi conquistatori: francesi, russi, turchi e inglesi.<\\\/p>\\n\n\n<p><\\\/p>\\n\n\n<p><\\\/p>\",\"dropcap\":true,\"margin\":\"default\",\"text_align\":\"justify\",\"text_style\":\"lead\"}},{\"type\":\"grid\",\"props\":{\"content_column_breakpoint\":\"m\",\"filter_align\":\"left\",\"filter_all\":true,\"filter_grid_breakpoint\":\"m\",\"filter_grid_width\":\"auto\",\"filter_position\":\"top\",\"filter_style\":\"tab\",\"grid_default\":\"2\",\"grid_medium\":\"4\",\"grid_small\":\"2\",\"icon_width\":80,\"image_align\":\"top\",\"image_grid_breakpoint\":\"m\",\"image_grid_width\":\"1-2\",\"image_svg_color\":\"emphasis\",\"item_animation\":true,\"link_style\":\"default\",\"link_text\":\"Read more\",\"margin\":\"default\",\"meta_align\":\"below-title\",\"meta_element\":\"div\",\"meta_style\":\"text-meta\",\"show_content\":true,\"show_image\":true,\"show_link\":true,\"show_meta\":true,\"show_title\":true,\"text_align\":\"center\",\"title_align\":\"top\",\"title_element\":\"h3\",\"title_grid_breakpoint\":\"m\",\"title_grid_width\":\"1-2\",\"title_hover_style\":\"reset\"},\"children\":[{\"type\":\"grid_item\",\"props\":{\"image\":\"wp-content\\\/uploads\\\/2024\\\/01\\\/\\u039a\\u03c1\\u03ac\\u03bd\\u03b7\\u03c2.jpg\",\"title\":\"Moneta di Krani\"}},{\"type\":\"grid_item\",\"props\":{\"image\":\"wp-content\\\/uploads\\\/2024\\\/01\\\/\\u03a0\\u03ac\\u03bb\\u03b7\\u03c2.jpg\",\"title\":\"Moneta di Pali\"}},{\"type\":\"grid_item\",\"props\":{\"image\":\"wp-content\\\/uploads\\\/2024\\\/01\\\/\\u03a0\\u03c1\\u03cc\\u03bd\\u03bd\\u03c9\\u03bd-1.jpg\",\"title\":\"Moneta di Pronnon\"}},{\"type\":\"grid_item\",\"props\":{\"image\":\"wp-content\\\/uploads\\\/2024\\\/01\\\/\\u03a3\\u03ac\\u03bc\\u03b7\\u03c2.jpg\",\"title\":\"Moneta di Sami\"}}]}]}]}]},{\"type\":\"section\",\"props\":{\"image_position\":\"center-center\",\"style\":\"default\",\"title_breakpoint\":\"xl\",\"title_position\":\"top-left\",\"title_rotation\":\"left\",\"vertical_align\":\"middle\",\"width\":\"default\"},\"children\":[{\"type\":\"row\",\"children\":[{\"type\":\"column\",\"props\":{\"image_position\":\"center-center\",\"position_sticky_breakpoint\":\"m\"},\"children\":[{\"type\":\"gallery\",\"props\":{\"filter_align\":\"left\",\"filter_all\":true,\"filter_grid_breakpoint\":\"m\",\"filter_grid_width\":\"auto\",\"filter_position\":\"top\",\"filter_style\":\"tab\",\"grid_default\":\"1\",\"grid_medium\":\"3\",\"image_height\":\"450\",\"image_width\":\"450\",\"item_animation\":true,\"lightbox\":true,\"link_style\":\"default\",\"link_text\":\"\",\"margin\":\"default\",\"meta_align\":\"below-title\",\"meta_element\":\"div\",\"meta_style\":\"text-meta\",\"overlay_hover\":true,\"overlay_link\":true,\"overlay_mode\":\"cover\",\"overlay_position\":\"center\",\"overlay_style\":\"overlay-primary\",\"overlay_transition\":\"fade\",\"overlay_transition_background\":false,\"show_content\":true,\"show_hover_image\":true,\"show_link\":true,\"show_meta\":true,\"show_title\":true,\"text_align\":\"center\",\"text_color\":\"light\",\"title_element\":\"h3\",\"title_hover_style\":\"reset\",\"title_transition\":\"scale-up\"},\"children\":[{\"type\":\"gallery_item\",\"props\":{\"image\":\"wp-content\\\/uploads\\\/2024\\\/06\\\/cover-scaled.jpg\"}},{\"type\":\"gallery_item\",\"props\":{\"image\":\"wp-content\\\/uploads\\\/2024\\\/06\\\/LR65762-Edit.jpg\"}},{\"type\":\"gallery_item\",\"props\":{\"image\":\"wp-content\\\/uploads\\\/2024\\\/06\\\/LR65924-Edit.jpg\"}},{\"type\":\"gallery_item\",\"props\":{\"image\":\"wp-content\\\/uploads\\\/2024\\\/06\\\/LR65964-Edit-scaled.jpg\"}},{\"type\":\"gallery_item\",\"props\":{\"image\":\"wp-content\\\/uploads\\\/2024\\\/06\\\/LR65957-Edit-scaled.jpg\"}},{\"type\":\"gallery_item\",\"props\":{\"image\":\"wp-content\\\/uploads\\\/2024\\\/06\\\/LR65938-Edit-scaled.jpg\"}},{\"type\":\"gallery_item\",\"props\":{\"image\":\"wp-content\\\/uploads\\\/2024\\\/06\\\/LR65908-Edit-scaled.jpg\"}},{\"type\":\"gallery_item\",\"props\":{\"image\":\"wp-content\\\/uploads\\\/2024\\\/06\\\/LR65877-Edit-scaled.jpg\"}},{\"type\":\"gallery_item\",\"props\":{\"image\":\"wp-content\\\/uploads\\\/2024\\\/06\\\/LR65872-Edit-scaled.jpg\"}},{\"type\":\"gallery_item\",\"props\":{\"image\":\"wp-content\\\/uploads\\\/2024\\\/06\\\/LR65871-Edit-scaled.jpg\"}},{\"type\":\"gallery_item\",\"props\":{\"image\":\"wp-content\\\/uploads\\\/2024\\\/06\\\/LR65854-Edit-scaled.jpg\"}},{\"type\":\"gallery_item\",\"props\":{\"image\":\"wp-content\\\/uploads\\\/2024\\\/06\\\/LR65853-Edit-scaled.jpg\"}},{\"type\":\"gallery_item\",\"props\":{\"image\":\"wp-content\\\/uploads\\\/2024\\\/06\\\/LR65765-Edit-scaled.jpg\"}},{\"type\":\"gallery_item\",\"props\":{\"image\":\"wp-content\\\/uploads\\\/2024\\\/06\\\/LR65748-Edit-copy-scaled.jpg\"}},{\"type\":\"gallery_item\",\"props\":{\"image\":\"wp-content\\\/uploads\\\/2024\\\/06\\\/LR65641-Edit-scaled.jpg\"}},{\"type\":\"gallery_item\",\"props\":{\"image\":\"wp-content\\\/uploads\\\/2024\\\/06\\\/LR65641-Edit-scaled.jpg\"}},{\"type\":\"gallery_item\",\"props\":{\"image\":\"wp-content\\\/uploads\\\/2024\\\/06\\\/LR65893-HDR-Edit-copy-scaled.jpg\"}},{\"type\":\"gallery_item\",\"props\":{\"image\":\"wp-content\\\/uploads\\\/2024\\\/06\\\/LR65631-Edit-scaled.jpg\"}},{\"type\":\"gallery_item\",\"props\":{\"image\":\"wp-content\\\/uploads\\\/2024\\\/06\\\/cover-1-scaled.jpg\"}},{\"type\":\"gallery_item\",\"props\":{\"image\":\"wp-content\\\/uploads\\\/2024\\\/06\\\/LR65898-HDR-Edit-scaled.jpg\"}},{\"type\":\"gallery_item\",\"props\":{\"image\":\"wp-content\\\/uploads\\\/2024\\\/06\\\/LR65627-Edit-scaled.jpg\"}}]}]}]}],\"name\":\"etate gallery\"}],\"version\":\"4.2.6\"} --><\/p>\n","protected":false},"excerpt":{"rendered":"<p>LA TENUTA E LA SUA STORIA: La nostra fattoria \u00e8 verdeggiante e piena di alberi di agrumi, pero, pesco, albicocco, fico, kumquat, vaniglia e ulivo, tanti alberi e fiori ornamentali e aromatici, che ti aspettano nella stagione giusta per tagliarli e gustarli. I titoli di propriet\u00e0 della tenuta appartengono alla nostra famiglia (Katsunis) e sono [&hellip;]<\/p>\n","protected":false},"author":1,"featured_media":0,"parent":0,"menu_order":0,"comment_status":"closed","ping_status":"closed","template":"","meta":{"footnotes":""},"class_list":["post-1561","page","type-page","status-publish","hentry"],"_links":{"self":[{"href":"https:\/\/villehardouin.com\/it\/wp-json\/wp\/v2\/pages\/1561","targetHints":{"allow":["GET"]}}],"collection":[{"href":"https:\/\/villehardouin.com\/it\/wp-json\/wp\/v2\/pages"}],"about":[{"href":"https:\/\/villehardouin.com\/it\/wp-json\/wp\/v2\/types\/page"}],"author":[{"embeddable":true,"href":"https:\/\/villehardouin.com\/it\/wp-json\/wp\/v2\/users\/1"}],"replies":[{"embeddable":true,"href":"https:\/\/villehardouin.com\/it\/wp-json\/wp\/v2\/comments?post=1561"}],"version-history":[{"count":8,"href":"https:\/\/villehardouin.com\/it\/wp-json\/wp\/v2\/pages\/1561\/revisions"}],"predecessor-version":[{"id":2455,"href":"https:\/\/villehardouin.com\/it\/wp-json\/wp\/v2\/pages\/1561\/revisions\/2455"}],"wp:attachment":[{"href":"https:\/\/villehardouin.com\/it\/wp-json\/wp\/v2\/media?parent=1561"}],"curies":[{"name":"wp","href":"https:\/\/api.w.org\/{rel}","templated":true}]}}