{"id":2805,"date":"2026-04-22T13:44:40","date_gmt":"2026-04-22T13:44:40","guid":{"rendered":"https:\/\/villehardouin.com\/?page_id=2805"},"modified":"2026-04-23T07:59:42","modified_gmt":"2026-04-23T07:59:42","slug":"le-bar-de-la-piscine","status":"publish","type":"page","link":"https:\/\/villehardouin.com\/fr\/le-bar-de-la-piscine\/","title":{"rendered":"Le bar de la piscine"},"content":{"rendered":"<div>\n<p>    <img decoding=\"async\" src=\"https:\/\/villehardouin.com\/wp-content\/uploads\/2024\/06\/cover-1-scaled.jpg\" alt=\"\"><\/p>\n<h3>Le bar de la piscine est ouvert au public !<\/h3>\n<div>\n<p>\u00c0 partir de juin, notre bar de piscine est ouvert tous les jours \u00e0 tout le monde, de 11h00 \u00e0 19h00.<br \/>\nVenez d\u00e9guster des boissons rafra\u00eechissantes, vous d\u00e9tendre au bord de la piscine et profiter du cadre magnifique du Villehardouin Farm Estate.<\/p>\n<p>plus d&rsquo;informations \u00e0 venir prochainement<\/p>\n<\/div>\n<\/div>\n<p><!--more--><br \/>\n<!-- {\"type\":\"layout\",\"children\":[{\"type\":\"section\",\"props\":{\"image_position\":\"center-center\",\"padding_remove_bottom\":true,\"padding_remove_top\":true,\"style\":\"default\",\"title_breakpoint\":\"xl\",\"title_position\":\"top-left\",\"title_rotation\":\"left\",\"vertical_align\":\"middle\",\"width\":\"\"},\"children\":[{\"type\":\"row\",\"children\":[{\"type\":\"column\",\"props\":{\"image_position\":\"center-center\",\"position_sticky_breakpoint\":\"m\"},\"children\":[{\"type\":\"slideshow\",\"props\":{\"content_style\":\"h4\",\"link_style\":\"default\",\"link_text\":\"Read more\",\"margin\":\"default\",\"meta_align\":\"below-title\",\"meta_element\":\"div\",\"meta_style\":\"text-meta\",\"nav\":\"dotnav\",\"nav_align\":\"center\",\"nav_breakpoint\":\"s\",\"nav_position\":\"bottom-center\",\"nav_position_margin\":\"medium\",\"overlay_animation\":\"parallax\",\"overlay_container\":\"default\",\"overlay_position\":\"center-left\",\"overlay_style\":\"overlay-primary\",\"show_content\":true,\"show_link\":true,\"show_meta\":true,\"show_thumbnail\":true,\"show_title\":true,\"slidenav\":\"default\",\"slidenav_breakpoint\":\"s\",\"slidenav_margin\":\"medium\",\"slidenav_outside_breakpoint\":\"xl\",\"slideshow_autoplay_pause\":true,\"slideshow_height\":\"full\",\"slideshow_min_height\":300,\"thumbnav_height\":\"75\",\"thumbnav_svg_color\":\"emphasis\",\"thumbnav_width\":\"100\",\"title_element\":\"h3\",\"title_style\":\"h1\"},\"children\":[{\"type\":\"slideshow_item\",\"props\":{\"content\":\"\n\n<p>\\u00c0 partir de juin, notre bar de piscine est ouvert tous les jours \\u00e0 tout le monde, de 11h00 \\u00e0 19h00.\\nVenez d\\u00e9guster des boissons rafra\\u00eechissantes, vous d\\u00e9tendre au bord de la piscine et profiter du cadre magnifique du Villehardouin Farm Estate.<\\\/p>\\n\n\n<p>plus d'informations \\u00e0 venir prochainement<\\\/p>\",\"image\":\"https:\\\/\\\/villehardouin.com\\\/wp-content\\\/uploads\\\/2024\\\/06\\\/cover-1-scaled.jpg\",\"title\":\"Le bar de la piscine est ouvert au public !\"}}]}]}]}]}],\"version\":\"4.2.6\"} --><\/p>\n","protected":false},"excerpt":{"rendered":"<p>Le bar de la piscine est ouvert au public ! \u00c0 partir de juin, notre bar de piscine est ouvert tous les jours \u00e0 tout le monde, de 11h00 \u00e0 19h00. Venez d\u00e9guster des boissons rafra\u00eechissantes, vous d\u00e9tendre au bord de la piscine et profiter du cadre magnifique du Villehardouin Farm Estate. plus d&rsquo;informations \u00e0 [&hellip;]<\/p>\n","protected":false},"author":1,"featured_media":0,"parent":0,"menu_order":0,"comment_status":"closed","ping_status":"closed","template":"","meta":{"footnotes":""},"class_list":["post-2805","page","type-page","status-publish","hentry"],"_links":{"self":[{"href":"https:\/\/villehardouin.com\/fr\/wp-json\/wp\/v2\/pages\/2805","targetHints":{"allow":["GET"]}}],"collection":[{"href":"https:\/\/villehardouin.com\/fr\/wp-json\/wp\/v2\/pages"}],"about":[{"href":"https:\/\/villehardouin.com\/fr\/wp-json\/wp\/v2\/types\/page"}],"author":[{"embeddable":true,"href":"https:\/\/villehardouin.com\/fr\/wp-json\/wp\/v2\/users\/1"}],"replies":[{"embeddable":true,"href":"https:\/\/villehardouin.com\/fr\/wp-json\/wp\/v2\/comments?post=2805"}],"version-history":[{"count":2,"href":"https:\/\/villehardouin.com\/fr\/wp-json\/wp\/v2\/pages\/2805\/revisions"}],"predecessor-version":[{"id":2813,"href":"https:\/\/villehardouin.com\/fr\/wp-json\/wp\/v2\/pages\/2805\/revisions\/2813"}],"wp:attachment":[{"href":"https:\/\/villehardouin.com\/fr\/wp-json\/wp\/v2\/media?parent=2805"}],"curies":[{"name":"wp","href":"https:\/\/api.w.org\/{rel}","templated":true}]}}