{"id":1709,"date":"2024-01-31T09:22:58","date_gmt":"2024-01-31T09:22:58","guid":{"rendered":"https:\/\/villehardouin.com\/?page_id=1709"},"modified":"2024-10-09T10:29:26","modified_gmt":"2024-10-09T10:29:26","slug":"region-environ","status":"publish","type":"page","link":"https:\/\/villehardouin.com\/fr\/region-environ\/","title":{"rendered":"Region Environ"},"content":{"rendered":"<h1>La r\u00e9gion autours les chambres<\/h1>\n<h2>\n<p>Position du Domaine :<\/p>\n<\/h2>\n<div>\n<p>Le domaine est situ\u00e9 au sud-ouest de la route provinciale centrale Argostoli &#8211; Minies au-dessus de l&rsquo;a\u00e9roport de C\u00e9phalonie.<\/p>\n<p>Il se trouve \u00e0 5,5 kilom\u00e8tres du centre d&rsquo;Argostoli, \u00e0 distance de marche de l&rsquo;entr\u00e9e de l&rsquo;a\u00e9roport et \u00e0 seulement 300-400 m\u00e8tres de la plage.<\/p>\n<p>A l&rsquo;entr\u00e9e du village des Minies se trouve un restaurant<\/p>\n<\/div>\n<div>\n<p>38.1288,20.4980<\/p>\n<p><img decoding=\"async\" src=\"\/wp-content\/uploads\/2024\/01\/logo-1.png\" alt=\"\"><\/p>\n<h3>Villehardouin Farm Estate<\/h3>\n<\/div>\n<div>\n<p>Pr\u00e8s de chez nous, vous trouverez quatre magnifiques plages que vous pourrez visiter \u00e0 pied : Spasmata, Megali Ammos, Eglina et Ammes. Une cantine est ouverte durant l&rsquo;\u00e9t\u00e9. Les tortues Caretta-caretta naissent chaque ann\u00e9e sur leurs plages de sable chaud, tandis qu&rsquo;en face du cap, sur l&rsquo;\u00eele d&rsquo;Agios Nikolaos, se trouvent des nids d&rsquo;oiseaux marins, offrant des opportunit\u00e9s aux ornithologues amateurs. Au printemps, les fleurs sauvages fleurissent dans les ruelles rurales et dans les zones c\u00f4ti\u00e8res, caract\u00e9ristiques de la riche flore de l&rsquo;\u00eele. Une promenade \u00e0 pied ou \u00e0 v\u00e9lo autour de l&rsquo;a\u00e9roport voisin vous m\u00e8nera \u00e0 Ammes, o\u00f9 vous pourrez profiter d&rsquo;un d\u00eener inoubliable au coucher du soleil ou prendre un verre dans les restaurants, bars et caf\u00e9s en bord de mer.<\/p>\n<p>Voici quelques points remarquables de la r\u00e9gion :<\/p>\n<p>\u2013 Face au cap, sur l\u2019\u00eelot d\u2019Agios Nikolaos, nichent des oiseaux marins, offrant une excellente opportunit\u00e9 d\u2019observation des oiseaux.<\/p>\n<p>\u2013 Sur les sentiers ruraux \u00e9troits et dans les zones c\u00f4ti\u00e8res, au printemps fleurissent des fleurs sauvages, repr\u00e9sentatives de la riche flore de l\u2019\u00eele.<\/p>\n<p>\u2013 En faisant une randonn\u00e9e ou une balade \u00e0 v\u00e9lo autour de l\u2019a\u00e9roport voisin, vous atteignez Ammes \u00e0 3,6 km. L\u00e0, vous pourrez profiter d&rsquo;un coucher de soleil inoubliable, en d\u00e9gustant votre nourriture ou votre boisson dans les restaurants, bars et caf\u00e9s du bord de mer.<\/p>\n<p>\u2013 Svoronata : Voici le fameux \u00ab Elia tis Kouventas \u00bb (Olivier de la Conversation), o\u00f9 les villageois s&rsquo;arr\u00eataient pour se reposer avant de remonter des champs jusqu&rsquo;au village.<\/p>\n<\/div>\n<ul>\n<li>\n<p>        <img decoding=\"async\" src=\"\/wp-content\/uploads\/2024\/01\/spasmata-plaza-minia-1.jpg\" alt=\"\"><\/p>\n<\/li>\n<li>\n<p>        <img decoding=\"async\" src=\"\/wp-content\/uploads\/2024\/01\/kefalonia-megaliammos-minies03.jpg\" alt=\"\"><\/p>\n<\/li>\n<li>\n<p>        <img decoding=\"async\" src=\"\/wp-content\/uploads\/2024\/01\/eglina-top-1-1280.jpg\" alt=\"\"><\/p>\n<\/li>\n<li>\n<p>        <img decoding=\"async\" src=\"\/wp-content\/uploads\/2024\/01\/ammes.jpg\" alt=\"\"><\/p>\n<\/li>\n<li>\n<p>        <img decoding=\"async\" src=\"\/wp-content\/uploads\/2024\/01\/M%CE%B5%CE%B3%CE%AC%CE%BB%CE%B7-%CE%86%CE%BC%CE%BF%CF%82-3.-%CE%A0%CE%B1%CF%81%CE%B1%CE%B8%CE%B1%CE%BB%CE%AC%CF%83%CF%83%CE%B9%CE%B1-%CF%87%CF%89%CF%81%CE%AF%CE%B4%CE%B1-%CE%BC%CE%B5-Crithmum-%CE%BA%CE%B1%CE%B9-Limonium.jpg\" alt=\"\"><\/p>\n<\/li>\n<\/ul>\n<ul>\n<li>\n<p>        <img decoding=\"async\" src=\"\/wp-content\/uploads\/2024\/01\/Anemone-coronaria.-%CE%9C%CE%B7%CE%BD%CE%B9%CE%AD%CF%82.-%CE%86%CE%BD%CE%BF%CE%B9%CE%BE%CE%B7.jpg\" alt=\"\"><\/p>\n<h3>Anemone coronaria<\/h3>\n<p>Minies. Spring<\/p>\n<\/li>\n<li>\n<p>        <img decoding=\"async\" src=\"\/wp-content\/uploads\/2024\/01\/Capparis-orientalis-%CE%9C%CE%AC%CE%B9%CE%BF%CF%82-%CE%99%CE%BF%CF%8D%CE%BD%CE%B9%CE%BF%CF%82-scaled.jpg\" alt=\"\"><\/p>\n<h3>Capparis orientalis <\/h3>\n<p>May &#8211; June<\/p>\n<\/li>\n<li>\n<p>        <img decoding=\"async\" src=\"\/wp-content\/uploads\/2024\/01\/Centaurea-pumilio-1-%CE%86%CE%BD%CE%BF%CE%B9%CE%BE%CE%B7.-%CE%9C%CE%B7%CE%BD%CE%B9%CE%AD%CF%82.jpg\" alt=\"\"><\/p>\n<h3>Centaurea-pumilio<\/h3>\n<p>Spring , Minies<\/p>\n<\/li>\n<li>\n<p>        <img decoding=\"async\" src=\"\/wp-content\/uploads\/2024\/01\/Cyclamen-hederifolium-%CF%86%CE%B8%CE%B9%CE%BD%CF%8C%CF%80%CF%89%CF%81%CE%BF.jpg\" alt=\"\"><\/p>\n<h3>Cyclamen hederifolium <\/h3>\n<p>Autumn<\/p>\n<\/li>\n<li>\n<p>        <img decoding=\"async\" src=\"\/wp-content\/uploads\/2024\/01\/Glaucium-flavum.-%CE%9C%CE%B7%CE%BD%CE%B9%CE%AD%CF%82.-%CE%91%CF%80%CF%81%CE%AF%CE%BB%CE%B7-%CE%99%CE%BF%CF%8D%CE%BD%CE%B9%CE%BF.jpg\" alt=\"\"><\/p>\n<h3>Glaucium flavum. <\/h3>\n<p>Minies April &#8211; June<\/p>\n<\/li>\n<li>\n<p>        <img decoding=\"async\" src=\"\/wp-content\/uploads\/2024\/01\/Herm%CE%BFdactylus-tuberosus.-%CE%9C%CE%B7%CE%BD%CE%B9%CE%AD%CF%82.-%CE%86%CE%BD%CE%BF%CE%B9%CE%BE%CE%B7.jpg\" alt=\"\"><\/p>\n<h3>Herm\u03bfdactylus tuberosus<\/h3>\n<p>Minies , Spring<\/p>\n<\/li>\n<li>\n<p>        <img decoding=\"async\" src=\"\/wp-content\/uploads\/2024\/01\/Iris-unguicularis-s.l.-%CE%9C%CE%B7%CE%BD%CE%B9%CE%AD%CF%82-%CE%A6%CE%B8%CE%B9%CE%BD%CF%8C%CF%80%CF%89%CF%81%CE%BF.jpg\" alt=\"\"><\/p>\n<h3>Iris unguicularis s.l. <\/h3>\n<p>Minies Autumn<\/p>\n<\/li>\n<li>\n<p>        <img decoding=\"async\" src=\"\/wp-content\/uploads\/2024\/01\/Limonium-cephalonicum.3-%CE%9C%CE%B7%CE%BD%CE%B9%CE%AD%CF%82.jpg\" alt=\"\"><\/p>\n<h3>Limonium cephalonicum<\/h3>\n<p>Minies<\/p>\n<\/li>\n<li>\n<p>        <img decoding=\"async\" src=\"\/wp-content\/uploads\/2024\/01\/Narcissus-serotinus-1.jpg\" alt=\"\"><\/p>\n<h3>Narcissus serotinus<\/h3>\n<\/li>\n<li>\n<p>        <img decoding=\"async\" src=\"\/wp-content\/uploads\/2024\/01\/Orchis-laxiflora-%CE%86%CE%BD%CE%BF%CE%B9%CE%BE%CE%B7.jpg\" alt=\"\"><\/p>\n<h3>Orchis laxiflora <\/h3>\n<p>Spring<\/p>\n<\/li>\n<li>\n<p>        <img decoding=\"async\" src=\"\/wp-content\/uploads\/2024\/01\/Pancratium-maritimum-1.-%CE%9C%CE%AC%CE%B9%CE%BF%CF%82-%CE%99%CE%BF%CF%8D%CE%BD%CE%B9%CE%BF%CF%82.jpg\" alt=\"\"><\/p>\n<h3>Pancratium maritimum <\/h3>\n<p>May &#8211; June<\/p>\n<\/li>\n<li>\n<p>        <img decoding=\"async\" src=\"\/wp-content\/uploads\/2024\/01\/Serapias-ionica-%CE%86%CE%BD%CE%BF%CE%B9%CE%BE%CE%B7.jpg\" alt=\"\"><\/p>\n<h3>Serapias-ionica<\/h3>\n<p>Spring<\/p>\n<\/li>\n<li>\n<p>        <img decoding=\"async\" src=\"\/wp-content\/uploads\/2024\/01\/Spartium-junceum.-%CE%9C%CE%B5%CE%B3%CE%AC%CE%BB%CE%B7-%CE%86%CE%BC%CE%BC%CE%BF%CF%82-%CF%84%CE%B7%CE%BD-%CE%86%CE%BD%CE%BF%CE%B9%CE%BE%CE%B7.jpg\" alt=\"\"><\/p>\n<h3>Spartium junceum<\/h3>\n<p>Megali Ammos in Spring<\/p>\n<\/li>\n<\/ul>\n<p><img decoding=\"async\" src=\"\/wp-content\/uploads\/2024\/01\/%CE%B5%CE%BB%CE%B9%CE%B1-%CF%84%CE%B7%CF%82-%CE%BA%CE%BF%CF%85%CE%B2%CE%B5%CE%BD%CF%84%CE%B1%CF%82.jpg\" alt=\"\"><\/p>\n<div>Svoronata, le fameux \u00ab Elia tis Kouventas \u00bb (Olivier de la Conversation)<\/div>\n<p>\n    <a href=\"https:\/\/villehardouin.com\/fr\/sites-touristiques\/\">Sites touristiques de C\u00e9phalonie <\/a>\n<\/p>\n<p><!--more--><br \/>\n<!-- {\"type\":\"layout\",\"children\":[{\"type\":\"section\",\"props\":{\"image_position\":\"center-center\",\"style\":\"muted\",\"title_breakpoint\":\"xl\",\"title_position\":\"top-left\",\"title_rotation\":\"left\",\"vertical_align\":\"middle\",\"width\":\"default\"},\"children\":[{\"type\":\"row\",\"children\":[{\"type\":\"column\",\"props\":{\"image_position\":\"center-center\",\"position_sticky_breakpoint\":\"m\"},\"children\":[{\"type\":\"headline\",\"props\":{\"content\":\"La r\\u00e9gion autours les chambres\",\"text_align\":\"center\",\"title_element\":\"h1\"}}]}]}]},{\"type\":\"section\",\"props\":{\"image_position\":\"center-center\",\"style\":\"default\",\"title_breakpoint\":\"xl\",\"title_position\":\"top-left\",\"title_rotation\":\"left\",\"vertical_align\":\"middle\",\"width\":\"default\"},\"children\":[{\"type\":\"row\",\"children\":[{\"type\":\"column\",\"props\":{\"image_position\":\"center-center\",\"position_sticky_breakpoint\":\"m\",\"style\":\"card-primary\",\"vertical_align\":\"middle\",\"width_medium\":\"1-2\"},\"children\":[{\"type\":\"headline\",\"props\":{\"content\":\"\n\n<p>Position du Domaine :<\\\/p>\",\"title_element\":\"h2\"}},{\"type\":\"text\",\"props\":{\"column_breakpoint\":\"m\",\"content\":\"\n\n<p>Le domaine est situ\\u00e9 au sud-ouest de la route provinciale centrale Argostoli - Minies au-dessus de l'a\\u00e9roport de C\\u00e9phalonie.<br \\\/><br \\\/>Il se trouve \\u00e0 5,5 kilom\\u00e8tres du centre d'Argostoli, \\u00e0 distance de marche de l'entr\\u00e9e de l'a\\u00e9roport et \\u00e0 seulement 300-400 m\\u00e8tres de la plage.<\\\/p>\\n\n\n<p>A l'entr\\u00e9e du village des Minies se trouve un restaurant<\\\/p>\",\"dropcap\":true,\"margin\":\"default\",\"text_color\":\"secondary\",\"text_style\":\"lead\"}}]},{\"type\":\"column\",\"props\":{\"image_position\":\"center-center\",\"position_sticky_breakpoint\":\"m\",\"width_medium\":\"1-2\"},\"children\":[{\"type\":\"map\",\"props\":{\"controls\":true,\"dragging\":true,\"height\":\"600\",\"image_svg_color\":\"emphasis\",\"link_style\":\"default\",\"link_text\":\"Read more\",\"margin\":\"default\",\"max_zoom\":18,\"meta_align\":\"below-title\",\"meta_element\":\"div\",\"meta_style\":\"text-meta\",\"min_zoom\":0,\"poi\":false,\"show_content\":true,\"show_image\":true,\"show_link\":true,\"show_meta\":true,\"show_title\":true,\"title_element\":\"h3\",\"title_hover_style\":\"reset\",\"type\":\"satellite\",\"zoom\":\"15\",\"zooming\":true},\"children\":[{\"type\":\"map_item\",\"props\":{\"image\":\"wp-content\\\/uploads\\\/2024\\\/01\\\/logo-1.png\",\"location\":\"38.1288,20.4980\",\"marker_icon\":\"wp-content\\\/uploads\\\/2024\\\/01\\\/logo-1.png\",\"marker_icon_height\":\"50\",\"marker_icon_width\":\"50\",\"title\":\"Villehardouin Farm Estate\"}}]}]}],\"props\":{\"layout\":\"1-2,1-2\"}}]},{\"type\":\"section\",\"props\":{\"height\":\"full\",\"image\":\"wp-content\\\/uploads\\\/2024\\\/06\\\/cover-1-scaled.jpg\",\"image_effect\":\"fixed\",\"image_position\":\"center-center\",\"image_size\":\"cover\",\"style\":\"default\",\"title_breakpoint\":\"xl\",\"title_position\":\"top-left\",\"title_rotation\":\"left\",\"vertical_align\":\"middle\",\"width\":\"\"},\"children\":[{\"type\":\"row\",\"children\":[{\"type\":\"column\",\"props\":{\"image_position\":\"center-center\",\"position_sticky_breakpoint\":\"m\"}}]}]},{\"type\":\"section\",\"props\":{\"image_position\":\"center-center\",\"padding_remove_bottom\":true,\"padding_remove_top\":false,\"style\":\"default\",\"title_breakpoint\":\"xl\",\"title_position\":\"top-left\",\"title_rotation\":\"left\",\"vertical_align\":\"middle\",\"width\":\"default\"},\"children\":[{\"type\":\"row\",\"children\":[{\"type\":\"column\",\"props\":{\"image_position\":\"center-center\",\"position_sticky_breakpoint\":\"m\",\"style\":\"tile-muted\"},\"children\":[{\"type\":\"text\",\"props\":{\"column_breakpoint\":\"m\",\"content\":\"\n\n<p>Pr\\u00e8s de chez nous, vous trouverez quatre magnifiques plages que vous pourrez visiter \\u00e0 pied : Spasmata, Megali Ammos, Eglina et Ammes. Une cantine est ouverte durant l'\\u00e9t\\u00e9. Les tortues Caretta-caretta naissent chaque ann\\u00e9e sur leurs plages de sable chaud, tandis qu'en face du cap, sur l'\\u00eele d'Agios Nikolaos, se trouvent des nids d'oiseaux marins, offrant des opportunit\\u00e9s aux ornithologues amateurs. Au printemps, les fleurs sauvages fleurissent dans les ruelles rurales et dans les zones c\\u00f4ti\\u00e8res, caract\\u00e9ristiques de la riche flore de l'\\u00eele. Une promenade \\u00e0 pied ou \\u00e0 v\\u00e9lo autour de l'a\\u00e9roport voisin vous m\\u00e8nera \\u00e0 Ammes, o\\u00f9 vous pourrez profiter d'un d\\u00eener inoubliable au coucher du soleil ou prendre un verre dans les restaurants, bars et caf\\u00e9s en bord de mer.<\\\/p>\\n\n\n<p>Voici quelques points remarquables de la r\\u00e9gion :<\\\/p>\\n\n\n<p>\\u2013 Face au cap, sur l\\u2019\\u00eelot d\\u2019Agios Nikolaos, nichent des oiseaux marins, offrant une excellente opportunit\\u00e9 d\\u2019observation des oiseaux.<\\\/p>\\n\n\n<p>\\u2013 Sur les sentiers ruraux \\u00e9troits et dans les zones c\\u00f4ti\\u00e8res, au printemps fleurissent des fleurs sauvages, repr\\u00e9sentatives de la riche flore de l\\u2019\\u00eele.<\\\/p>\\n\n\n<p>\\u2013 En faisant une randonn\\u00e9e ou une balade \\u00e0 v\\u00e9lo autour de l\\u2019a\\u00e9roport voisin, vous atteignez Ammes \\u00e0 3,6 km. L\\u00e0, vous pourrez profiter d'un coucher de soleil inoubliable, en d\\u00e9gustant votre nourriture ou votre boisson dans les restaurants, bars et caf\\u00e9s du bord de mer.<\\\/p>\\n\n\n<p>\\u2013 Svoronata : Voici le fameux \\u00ab Elia tis Kouventas \\u00bb (Olivier de la Conversation), o\\u00f9 les villageois s'arr\\u00eataient pour se reposer avant de remonter des champs jusqu'au village.<\\\/p>\",\"margin\":\"default\",\"text_align\":\"justify\",\"text_style\":\"lead\"}}]}]}]},{\"type\":\"section\",\"props\":{\"image_position\":\"center-center\",\"padding_remove_bottom\":true,\"padding_remove_top\":false,\"style\":\"default\",\"title_breakpoint\":\"xl\",\"title_position\":\"top-left\",\"title_rotation\":\"left\",\"vertical_align\":\"middle\",\"width\":\"\"},\"children\":[{\"type\":\"row\",\"children\":[{\"type\":\"column\",\"props\":{\"image_position\":\"center-center\",\"position_sticky_breakpoint\":\"m\"},\"children\":[{\"type\":\"slideshow\",\"props\":{\"link_style\":\"default\",\"link_text\":\"Read more\",\"margin\":\"default\",\"meta_align\":\"below-title\",\"meta_element\":\"div\",\"meta_style\":\"text-meta\",\"nav\":\"thumbnav\",\"nav_align\":\"center\",\"nav_below\":false,\"nav_breakpoint\":\"s\",\"nav_position\":\"bottom-center\",\"nav_position_margin\":\"medium\",\"overlay_animation\":\"parallax\",\"overlay_position\":\"center\",\"overlay_style\":\"overlay-default\",\"show_content\":true,\"show_link\":true,\"show_meta\":true,\"show_thumbnail\":true,\"show_title\":true,\"slidenav\":\"default\",\"slidenav_breakpoint\":\"s\",\"slidenav_margin\":\"medium\",\"slidenav_outside_breakpoint\":\"xl\",\"slideshow_autoplay\":true,\"slideshow_autoplay_pause\":true,\"slideshow_height\":\"percent\",\"slideshow_min_height\":300,\"thumbnav_height\":\"75\",\"thumbnav_svg_color\":\"emphasis\",\"thumbnav_width\":\"100\",\"title_element\":\"h3\"},\"children\":[{\"type\":\"slideshow_item\",\"props\":{\"content\":\"\",\"image\":\"wp-content\\\/uploads\\\/2024\\\/01\\\/spasmata-plaza-minia-1.jpg\",\"title\":\"\"}},{\"type\":\"slideshow_item\",\"props\":{\"image\":\"wp-content\\\/uploads\\\/2024\\\/01\\\/kefalonia-megaliammos-minies03.jpg\",\"title\":\"\"}},{\"type\":\"slideshow_item\",\"props\":{\"image\":\"wp-content\\\/uploads\\\/2024\\\/01\\\/eglina-top-1-1280.jpg\",\"title\":\"\"}},{\"type\":\"slideshow_item\",\"props\":{\"image\":\"wp-content\\\/uploads\\\/2024\\\/01\\\/ammes.jpg\",\"title\":\"\"}},{\"type\":\"slideshow_item\",\"props\":{\"image\":\"wp-content\\\/uploads\\\/2024\\\/01\\\/M\\u03b5\\u03b3\\u03ac\\u03bb\\u03b7-\\u0386\\u03bc\\u03bf\\u03c2-3.-\\u03a0\\u03b1\\u03c1\\u03b1\\u03b8\\u03b1\\u03bb\\u03ac\\u03c3\\u03c3\\u03b9\\u03b1-\\u03c7\\u03c9\\u03c1\\u03af\\u03b4\\u03b1-\\u03bc\\u03b5-Crithmum-\\u03ba\\u03b1\\u03b9-Limonium.jpg\",\"title\":\"\"}}]}]}]}]},{\"type\":\"section\",\"props\":{\"height\":\"percent\",\"image\":\"wp-content\\\/uploads\\\/2024\\\/01\\\/Agios-Nikolaos2.jpg\",\"image_effect\":\"fixed\",\"image_position\":\"center-center\",\"image_size\":\"cover\",\"padding_remove_bottom\":true,\"padding_remove_top\":true,\"style\":\"default\",\"title_breakpoint\":\"xl\",\"title_position\":\"top-left\",\"title_rotation\":\"left\",\"vertical_align\":\"middle\",\"width\":\"\"},\"children\":[{\"type\":\"row\",\"children\":[{\"type\":\"column\",\"props\":{\"image_position\":\"center-center\",\"position_sticky_breakpoint\":\"m\"}}]}]},{\"type\":\"section\",\"props\":{\"image_position\":\"center-center\",\"style\":\"default\",\"title_breakpoint\":\"xl\",\"title_position\":\"top-left\",\"title_rotation\":\"left\",\"vertical_align\":\"middle\",\"width\":\"\"},\"children\":[{\"type\":\"row\",\"children\":[{\"type\":\"column\",\"props\":{\"image_position\":\"center-center\",\"position_sticky_breakpoint\":\"m\"},\"children\":[{\"type\":\"overlay-slider\",\"props\":{\"link_style\":\"default\",\"link_text\":\"Read more\",\"margin\":\"default\",\"meta_align\":\"below-title\",\"meta_color\":\"primary\",\"meta_element\":\"div\",\"meta_style\":\"text-meta\",\"meta_transition\":\"scale-up\",\"nav\":\"dotnav\",\"nav_align\":\"center\",\"nav_breakpoint\":\"s\",\"overlay_hover\":true,\"overlay_mode\":\"cover\",\"overlay_position\":\"center\",\"overlay_style\":\"overlay-default\",\"overlay_transition\":\"fade\",\"show_content\":true,\"show_hover_image\":true,\"show_link\":true,\"show_meta\":true,\"show_title\":true,\"slidenav\":\"default\",\"slidenav_breakpoint\":\"s\",\"slidenav_margin\":\"medium\",\"slidenav_outside_breakpoint\":\"xl\",\"slider_autoplay\":true,\"slider_autoplay_interval\":\"5\",\"slider_autoplay_pause\":false,\"slider_divider\":true,\"slider_gap\":\"small\",\"slider_height\":\"percent\",\"slider_velocity\":\"1.5\",\"slider_width\":\"fixed\",\"slider_width_default\":\"1-1\",\"slider_width_large\":\"1-4\",\"slider_width_medium\":\"1-3\",\"slider_width_small\":\"1-2\",\"slider_width_xlarge\":\"1-5\",\"text_align\":\"center\",\"title_element\":\"h3\",\"title_hover_style\":\"reset\"},\"children\":[{\"type\":\"overlay-slider_item\",\"props\":{\"image\":\"wp-content\\\/uploads\\\/2024\\\/01\\\/Anemone-coronaria.-\\u039c\\u03b7\\u03bd\\u03b9\\u03ad\\u03c2.-\\u0386\\u03bd\\u03bf\\u03b9\\u03be\\u03b7.jpg\",\"meta\":\"Minies. Spring\",\"title\":\"Anemone coronaria\"}},{\"type\":\"overlay-slider_item\",\"props\":{\"image\":\"wp-content\\\/uploads\\\/2024\\\/01\\\/Capparis-orientalis-\\u039c\\u03ac\\u03b9\\u03bf\\u03c2-\\u0399\\u03bf\\u03cd\\u03bd\\u03b9\\u03bf\\u03c2-scaled.jpg\",\"meta\":\"May - June\",\"title\":\"Capparis orientalis \"}},{\"type\":\"overlay-slider_item\",\"props\":{\"image\":\"wp-content\\\/uploads\\\/2024\\\/01\\\/Centaurea-pumilio-1-\\u0386\\u03bd\\u03bf\\u03b9\\u03be\\u03b7.-\\u039c\\u03b7\\u03bd\\u03b9\\u03ad\\u03c2.jpg\",\"meta\":\"Spring , Minies\",\"title\":\"Centaurea-pumilio\"}},{\"type\":\"overlay-slider_item\",\"props\":{\"image\":\"wp-content\\\/uploads\\\/2024\\\/01\\\/Cyclamen-hederifolium-\\u03c6\\u03b8\\u03b9\\u03bd\\u03cc\\u03c0\\u03c9\\u03c1\\u03bf.jpg\",\"meta\":\"Autumn\",\"title\":\"Cyclamen hederifolium \"}},{\"type\":\"overlay-slider_item\",\"props\":{\"image\":\"wp-content\\\/uploads\\\/2024\\\/01\\\/Glaucium-flavum.-\\u039c\\u03b7\\u03bd\\u03b9\\u03ad\\u03c2.-\\u0391\\u03c0\\u03c1\\u03af\\u03bb\\u03b7-\\u0399\\u03bf\\u03cd\\u03bd\\u03b9\\u03bf.jpg\",\"meta\":\"Minies April - June\",\"title\":\"Glaucium flavum. \"}},{\"type\":\"overlay-slider_item\",\"props\":{\"image\":\"wp-content\\\/uploads\\\/2024\\\/01\\\/Herm\\u03bfdactylus-tuberosus.-\\u039c\\u03b7\\u03bd\\u03b9\\u03ad\\u03c2.-\\u0386\\u03bd\\u03bf\\u03b9\\u03be\\u03b7.jpg\",\"meta\":\"Minies , Spring\",\"title\":\"Herm\\u03bfdactylus tuberosus\"}},{\"type\":\"overlay-slider_item\",\"props\":{\"image\":\"wp-content\\\/uploads\\\/2024\\\/01\\\/Iris-unguicularis-s.l.-\\u039c\\u03b7\\u03bd\\u03b9\\u03ad\\u03c2-\\u03a6\\u03b8\\u03b9\\u03bd\\u03cc\\u03c0\\u03c9\\u03c1\\u03bf.jpg\",\"meta\":\"Minies Autumn\",\"title\":\"Iris unguicularis s.l. \"}},{\"type\":\"overlay-slider_item\",\"props\":{\"image\":\"wp-content\\\/uploads\\\/2024\\\/01\\\/Limonium-cephalonicum.3-\\u039c\\u03b7\\u03bd\\u03b9\\u03ad\\u03c2.jpg\",\"meta\":\"Minies\",\"title\":\"Limonium cephalonicum\"}},{\"type\":\"overlay-slider_item\",\"props\":{\"image\":\"wp-content\\\/uploads\\\/2024\\\/01\\\/Narcissus-serotinus-1.jpg\",\"meta\":\"\",\"title\":\"Narcissus serotinus\"}},{\"type\":\"overlay-slider_item\",\"props\":{\"image\":\"wp-content\\\/uploads\\\/2024\\\/01\\\/Orchis-laxiflora-\\u0386\\u03bd\\u03bf\\u03b9\\u03be\\u03b7.jpg\",\"meta\":\"Spring\",\"title\":\"Orchis laxiflora \"}},{\"type\":\"overlay-slider_item\",\"props\":{\"image\":\"wp-content\\\/uploads\\\/2024\\\/01\\\/Pancratium-maritimum-1.-\\u039c\\u03ac\\u03b9\\u03bf\\u03c2-\\u0399\\u03bf\\u03cd\\u03bd\\u03b9\\u03bf\\u03c2.jpg\",\"meta\":\"May - June\",\"title\":\"Pancratium maritimum \"}},{\"type\":\"overlay-slider_item\",\"props\":{\"image\":\"wp-content\\\/uploads\\\/2024\\\/01\\\/Serapias-ionica-\\u0386\\u03bd\\u03bf\\u03b9\\u03be\\u03b7.jpg\",\"meta\":\"Spring\",\"title\":\"Serapias-ionica\"}},{\"type\":\"overlay-slider_item\",\"props\":{\"image\":\"wp-content\\\/uploads\\\/2024\\\/01\\\/Spartium-junceum.-\\u039c\\u03b5\\u03b3\\u03ac\\u03bb\\u03b7-\\u0386\\u03bc\\u03bc\\u03bf\\u03c2-\\u03c4\\u03b7\\u03bd-\\u0386\\u03bd\\u03bf\\u03b9\\u03be\\u03b7.jpg\",\"meta\":\"Megali Ammos in Spring\",\"title\":\"Spartium junceum\"}}]}]}]}]},{\"type\":\"section\",\"props\":{\"height\":\"percent\",\"image_effect\":\"fixed\",\"image_position\":\"center-center\",\"image_size\":\"cover\",\"padding_remove_bottom\":true,\"padding_remove_top\":true,\"style\":\"default\",\"title_breakpoint\":\"xl\",\"title_position\":\"top-left\",\"title_rotation\":\"left\",\"vertical_align\":\"middle\",\"width\":\"\"},\"children\":[{\"type\":\"row\",\"children\":[{\"type\":\"column\",\"props\":{\"image_position\":\"center-center\",\"position_sticky_breakpoint\":\"m\",\"style\":\"card-secondary\",\"vertical_align\":\"middle\"},\"children\":[{\"type\":\"image\",\"props\":{\"image\":\"wp-content\\\/uploads\\\/2024\\\/01\\\/\\u03b5\\u03bb\\u03b9\\u03b1-\\u03c4\\u03b7\\u03c2-\\u03ba\\u03bf\\u03c5\\u03b2\\u03b5\\u03bd\\u03c4\\u03b1\\u03c2.jpg\",\"image_svg_color\":\"emphasis\",\"margin\":\"default\",\"text_align\":\"center\"}},{\"type\":\"headline\",\"props\":{\"content\":\"Svoronata, le fameux \\u00ab Elia tis Kouventas \\u00bb (Olivier de la Conversation)\",\"text_align\":\"center\",\"title_element\":\"div\"}}]}],\"props\":{\"column_gap\":\"small\",\"row_gap\":\"small\"}}]},{\"type\":\"section\",\"props\":{\"image_position\":\"center-center\",\"padding_remove_bottom\":false,\"padding_remove_top\":false,\"style\":\"muted\",\"title_breakpoint\":\"xl\",\"title_position\":\"top-left\",\"title_rotation\":\"left\",\"vertical_align\":\"middle\",\"width\":\"default\"},\"children\":[{\"type\":\"row\",\"children\":[{\"type\":\"column\",\"props\":{\"image_position\":\"center-center\",\"position_sticky_breakpoint\":\"m\"},\"children\":[{\"type\":\"button\",\"props\":{\"button_size\":\"large\",\"grid_column_gap\":\"small\",\"grid_row_gap\":\"small\",\"margin\":\"default\",\"text_align\":\"center\"},\"children\":[{\"type\":\"button_item\",\"props\":{\"button_style\":\"secondary\",\"content\":\"Sites touristiques de C\\u00e9phalonie \",\"icon\":\"image\",\"icon_align\":\"left\",\"link\":\"https:\\\/\\\/villehardouin.com\\\/fr\\\/sites-touristiques\\\/\"}}]}]}]}]}],\"version\":\"4.2.6\"} --><\/p>\n","protected":false},"excerpt":{"rendered":"<p>La r\u00e9gion autours les chambres Position du Domaine : Le domaine est situ\u00e9 au sud-ouest de la route provinciale centrale Argostoli &#8211; Minies au-dessus de l&rsquo;a\u00e9roport de C\u00e9phalonie. Il se trouve \u00e0 5,5 kilom\u00e8tres du centre d&rsquo;Argostoli, \u00e0 distance de marche de l&rsquo;entr\u00e9e de l&rsquo;a\u00e9roport et \u00e0 seulement 300-400 m\u00e8tres de la plage. A l&rsquo;entr\u00e9e [&hellip;]<\/p>\n","protected":false},"author":1,"featured_media":0,"parent":0,"menu_order":0,"comment_status":"closed","ping_status":"closed","template":"","meta":{"footnotes":""},"class_list":["post-1709","page","type-page","status-publish","hentry"],"_links":{"self":[{"href":"https:\/\/villehardouin.com\/fr\/wp-json\/wp\/v2\/pages\/1709","targetHints":{"allow":["GET"]}}],"collection":[{"href":"https:\/\/villehardouin.com\/fr\/wp-json\/wp\/v2\/pages"}],"about":[{"href":"https:\/\/villehardouin.com\/fr\/wp-json\/wp\/v2\/types\/page"}],"author":[{"embeddable":true,"href":"https:\/\/villehardouin.com\/fr\/wp-json\/wp\/v2\/users\/1"}],"replies":[{"embeddable":true,"href":"https:\/\/villehardouin.com\/fr\/wp-json\/wp\/v2\/comments?post=1709"}],"version-history":[{"count":5,"href":"https:\/\/villehardouin.com\/fr\/wp-json\/wp\/v2\/pages\/1709\/revisions"}],"predecessor-version":[{"id":2473,"href":"https:\/\/villehardouin.com\/fr\/wp-json\/wp\/v2\/pages\/1709\/revisions\/2473"}],"wp:attachment":[{"href":"https:\/\/villehardouin.com\/fr\/wp-json\/wp\/v2\/media?parent=1709"}],"curies":[{"name":"wp","href":"https:\/\/api.w.org\/{rel}","templated":true}]}}