{"id":1705,"date":"2024-01-30T09:59:11","date_gmt":"2024-01-30T09:59:11","guid":{"rendered":"https:\/\/villehardouin.com\/?page_id=1705"},"modified":"2026-01-19T09:04:25","modified_gmt":"2026-01-19T09:04:25","slug":"prix-offres","status":"publish","type":"page","link":"https:\/\/villehardouin.com\/fr\/prix-offres\/","title":{"rendered":"Prix \/ Offres"},"content":{"rendered":"<h2>Offres<\/h2>\n<div>\n<p><strong>Offre S\u00e9jours Longue Dur\u00e9e (28+ Jours) :<br \/>\n<\/strong><br \/>B\u00e9n\u00e9ficiez de 20% de r\u00e9duction pour les s\u00e9jours de longue dur\u00e9e (28+ jours) en avril, mai, juin, septembre et octobre. Offre exclue pour juillet et ao\u00fbt.<\/p>\n<p><strong>Offre de s\u00e9jour prolong\u00e9 (10+ jours) :<\/strong><br \/>Obtenez 10% de r\u00e9duction pour les s\u00e9jours de 10 \u00e0 27 jours en avril, mai, juin, septembre et octobre. Offre exclue pour juillet et ao\u00fbt.<\/p>\n<\/div>\n<h1><span><div id=\"footable_parent_2541\"\n         class=\" footable_parent ninja_table_wrapper loading_ninja_table wp_table_data_press_parent semantic_ui colored_table\">\n                    <h3 class=\"table_title footable_title\">Villehardouin - Prix 2026<\/h3>\n                        <table data-ninja_table_instance=\"ninja_table_instance_0\" data-footable_id=\"2541\" data-filter-delay=\"1000\" aria-label=\"Villehardouin - Prix 2026\"            id=\"footable_2541\"\n           data-unique_identifier=\"ninja_table_unique_id_655634855_2541\"\n           class=\" foo-table ninja_footable foo_table_2541 ninja_table_unique_id_655634855_2541 ui table  nt_type_ajax_table selectable hide_horizonal_borders hide_vertical_borders striped vertical_centered ninja_custom_color inverted footable-paging-right ninja_table_search_disabled ninja_table_pro\">\n                <colgroup>\n                            <col class=\"ninja_column_0 \">\n                            <col class=\"ninja_column_1 \">\n                            <col class=\"ninja_column_2 \">\n                            <col class=\"ninja_column_3 \">\n                            <col class=\"ninja_column_4 \">\n                            <col class=\"ninja_column_5 \">\n                            <col class=\"ninja_column_6 \">\n                            <col class=\"ninja_column_7 \">\n                    <\/colgroup>\n            <\/table>\n                    <style type=\"text\/css\" id='ninja_table_custom_css_2541'>\n                        #footable_2541  {\n    font-family: inherit;\n    font-size: 14px;\n    }\n\n\n    #footable_2541 tbody tr td span.fooicon-plus:before {\n    background-color:  !important;\n    }\n    #footable_2541 tbody tr td span.fooicon-minus:before {\n    background-color:  !important;\n    }\n\n    #footable_2541 tbody tr:hover td span.fooicon-plus:before {\n    background-color: rgba(159, 45, 37, 1) !important;\n    }\n    #footable_2541 tbody tr:hover td span.fooicon-minus:before {\n    background-color: rgba(159, 45, 37, 1) !important;\n    }\n\n    #footable_2541 thead tr.footable-header th span::before {\n    background-color:  !important;\n    }\n    #footable_2541,\n    #footable_2541 table {\n    background-color: rgba(222, 218, 202, 1) !important;\n    color:  !important;\n    border-color:  !important;\n    }\n    #footable_2541 thead tr.footable-filtering th {\n    background-color:  !important;\n    color:  !important;\n    }\n    #footable_2541:not(.hide_all_borders) thead tr.footable-filtering th {\n            border : 1px solid transparent !important;\n        }\n    #footable_2541 .input-group-btn:last-child > .btn:not(:last-child):not(.dropdown-toggle) {\n    background-color:  !important;\n    color:  !important;\n    }\n    #footable_2541 tr.footable-header, #footable_2541 tr.footable-header th, .colored_table #footable_2541 table.ninja_table_pro.inverted.table.footable-details tbody tr th {\n    background-color:  !important;\n    color:  !important;\n    }\n    \n        #footable_2541 tbody tr:hover {\n    background-color:  !important;\n    color: rgba(159, 45, 37, 1) !important;\n    }\n    #footable_2541 tbody tr:hover td {\n    border-color:  !important;\n    }\n    \n    #footable_2541 tfoot .footable-paging {\n    background-color:  !important;\n    }\n    #footable_2541 tfoot .footable-paging .footable-page.active a {\n    background-color:  !important;\n    }\n    #footable_2541:not(.hide_all_borders) tfoot tr.footable-paging td {\n    border-color:  !important;\n    }\n    \n    #footable_2541.ninja_stacked_table > tbody, #footable_2541.ninja_stacked_table {\n    background: transparent !important;\n    }\n            #footable_2541.ninja_stacked_table .footable-details tbody {\n        background-color: rgba(222, 218, 202, 1) !important;\n        color:  !important;\n        border-color:  !important;\n        }\n        #footable_2541 .footable-details thead tr.footable-filtering th {\n        background-color:  !important;\n        color:  !important;\n        }\n        #footable_2541 .footable-details:not(.hide_all_borders) thead tr.footable-filtering th {\n                    border : 1px solid transparent !important;\n                }\n        #footable_2541 .footable-details .input-group-btn:last-child > .btn:not(:last-child):not(.dropdown-toggle) {\n        background-color:  !important;\n        color:  !important;\n        }\n        #footable_2541 .footable-details tr.footable-header, #footable_2541 .footable-details tr.footable-header th {\n        background-color:  !important;\n        color:  !important;\n        }\n        \n                        <\/style>\n                \n    \n    \n<\/div>\n<\/span><\/h1>\n<div>\n<p><strong>Les prix n&rsquo;incluent pas la taxe de r\u00e9silience climatique (montant suppl\u00e9mentaire) 2\u20ac\/nuit<\/strong><\/p>\n<\/div>\n<p><!--more--><br \/>\n<!-- {\"type\":\"layout\",\"children\":[{\"type\":\"section\",\"props\":{\"image_position\":\"center-center\",\"style\":\"default\",\"title_breakpoint\":\"xl\",\"title_position\":\"top-left\",\"title_rotation\":\"left\",\"vertical_align\":\"middle\",\"width\":\"default\"},\"children\":[{\"type\":\"row\",\"children\":[{\"type\":\"column\",\"props\":{\"image_position\":\"center-center\",\"position_sticky_breakpoint\":\"m\"},\"children\":[{\"type\":\"headline\",\"props\":{\"content\":\"Offres\",\"id\":\"prices2025\",\"text_align\":\"center\",\"title_element\":\"h2\"}}]}]},{\"type\":\"row\",\"children\":[{\"type\":\"column\",\"props\":{\"image_position\":\"center-center\",\"position_sticky_breakpoint\":\"m\"},\"children\":[{\"type\":\"text\",\"props\":{\"column_breakpoint\":\"m\",\"content\":\"\n\n<p><strong>Offre S\\u00e9jours Longue Dur\\u00e9e (28+ Jours) :\\n<\\\/strong><br \\\/>B\\u00e9n\\u00e9ficiez de 20% de r\\u00e9duction pour les s\\u00e9jours de longue dur\\u00e9e (28+ jours) en avril, mai, juin, septembre et octobre. Offre exclue pour juillet et ao\\u00fbt.<br \\\/><br \\\/><strong>Offre de s\\u00e9jour prolong\\u00e9 (10+ jours) :<\\\/strong><br \\\/>Obtenez 10% de r\\u00e9duction pour les s\\u00e9jours de 10 \\u00e0 27 jours en avril, mai, juin, septembre et octobre. Offre exclue pour juillet et ao\\u00fbt.<\\\/p>\",\"margin\":\"default\",\"text_style\":\"lead\"}}]}]}],\"name\":\"Offer Section English\"},{\"type\":\"section\",\"props\":{\"image_position\":\"center-center\",\"style\":\"default\",\"title_breakpoint\":\"xl\",\"title_position\":\"top-left\",\"title_rotation\":\"left\",\"vertical_align\":\"middle\",\"width\":\"default\"},\"children\":[{\"type\":\"row\",\"children\":[{\"type\":\"column\",\"props\":{\"image_position\":\"center-center\",\"position_sticky_breakpoint\":\"m\"},\"children\":[{\"type\":\"headline\",\"props\":{\"content\":\"<span>[ninja_tables id=\\\"2541\\\"]<\\\/span>\",\"title_element\":\"h1\"}},{\"type\":\"text\",\"props\":{\"column_breakpoint\":\"m\",\"content\":\"\n\n<p><strong>Les prix n'incluent pas la taxe de r\\u00e9silience climatique (montant suppl\\u00e9mentaire) 2\\u20ac\\\/nuit<\\\/strong><\\\/p>\",\"margin\":\"default\"}}]}],\"props\":{\"id\":\"prices2026\"}}]}],\"version\":\"4.2.6\"} --><\/p>\n","protected":false},"excerpt":{"rendered":"<p>Offres Offre S\u00e9jours Longue Dur\u00e9e (28+ Jours) : B\u00e9n\u00e9ficiez de 20% de r\u00e9duction pour les s\u00e9jours de longue dur\u00e9e (28+ jours) en avril, mai, juin, septembre et octobre. Offre exclue pour juillet et ao\u00fbt. Offre de s\u00e9jour prolong\u00e9 (10+ jours) :Obtenez 10% de r\u00e9duction pour les s\u00e9jours de 10 \u00e0 27 jours en avril, mai, [&hellip;]<\/p>\n","protected":false},"author":1,"featured_media":0,"parent":0,"menu_order":0,"comment_status":"closed","ping_status":"closed","template":"","meta":{"footnotes":""},"class_list":["post-1705","page","type-page","status-publish","hentry"],"_links":{"self":[{"href":"https:\/\/villehardouin.com\/fr\/wp-json\/wp\/v2\/pages\/1705","targetHints":{"allow":["GET"]}}],"collection":[{"href":"https:\/\/villehardouin.com\/fr\/wp-json\/wp\/v2\/pages"}],"about":[{"href":"https:\/\/villehardouin.com\/fr\/wp-json\/wp\/v2\/types\/page"}],"author":[{"embeddable":true,"href":"https:\/\/villehardouin.com\/fr\/wp-json\/wp\/v2\/users\/1"}],"replies":[{"embeddable":true,"href":"https:\/\/villehardouin.com\/fr\/wp-json\/wp\/v2\/comments?post=1705"}],"version-history":[{"count":16,"href":"https:\/\/villehardouin.com\/fr\/wp-json\/wp\/v2\/pages\/1705\/revisions"}],"predecessor-version":[{"id":2778,"href":"https:\/\/villehardouin.com\/fr\/wp-json\/wp\/v2\/pages\/1705\/revisions\/2778"}],"wp:attachment":[{"href":"https:\/\/villehardouin.com\/fr\/wp-json\/wp\/v2\/media?parent=1705"}],"curies":[{"name":"wp","href":"https:\/\/api.w.org\/{rel}","templated":true}]}}