{"id":1701,"date":"2024-01-23T14:21:09","date_gmt":"2024-01-23T14:21:09","guid":{"rendered":"https:\/\/villehardouin.com\/?page_id=1701"},"modified":"2026-04-22T13:41:20","modified_gmt":"2026-04-22T13:41:20","slug":"installations","status":"publish","type":"page","link":"https:\/\/villehardouin.com\/fr\/installations\/","title":{"rendered":"Installations"},"content":{"rendered":"<h2>Commodit\u00e9s \u2013 Informations sur l\u2019h\u00e9bergement et les r\u00e9servations<\/h2>\n<ul>\n<li>\n<h3>Commodit\u00e9s communes dans toutes les chambres<\/h3>\n<div>\n<ol>\n<li>Cafeti\u00e8re<\/li>\n<li>Grille-pain<\/li>\n<li>R\u00e9frig\u00e9rateur<\/li>\n<li>Plaques de cuisson<\/li>\n<li>Hotte<\/li>\n<li>Bouilloire<\/li>\n<li>Climatiseur<\/li>\n<li>T\u00e9l\u00e9vision par satellite<\/li>\n<li>Wi-Fi gratuit<\/li>\n<li>S\u00e8che-cheveux<\/li>\n<li>Serviettes de piscine<\/li>\n<li>Des articles de toilette sont fournis pour les premiers jours (shampooing, gel douche, papier toilette, etc.)<br \/>Panier de bienvenue<\/li>\n<\/ol>\n<\/div>\n<\/li>\n<li>\n<h3>Installations<\/h3>\n<div>\n<ol>\n<li>Piscine partag\u00e9e (disponible de 8h00 \u00e0 21h00)<\/li>\n<li>Pool Bar ouvert de juin, <br \/>de 11h \u00e0 19h.<\/li>\n<li>BBQ partag\u00e9 (disponible sur demande)<\/li>\n<li>Service de blanchisserie disponible sur demande, gratuit, de 10h00 \u00e0 21h00.<\/li>\n<li>Parking gratuit<\/li>\n<li>Boire de l&rsquo;eau du robinet<\/li>\n<li>Service de r\u00e9ception de 15h00 \u00e0 19h00<\/li>\n<\/ol>\n<p>Le Villehardouin Farm Estate est \u00e9galement disponible, sur demande, comme lieu d\u2019\u00e9v\u00e9nements (mariages, bapt\u00eames, r\u00e9ceptions, etc.).<br data-start=\"1190\" data-end=\"1193\" \/>Contactez-nous pour discuter des possibilit\u00e9s et des conditions, conform\u00e9ment \u00e0 la politique de l\u2019\u00e9tablissement.<\/p>\n<p>L&rsquo;h\u00e9bergement ne dispose pas de rechargeur pour voitures \u00e9lectriques.<\/p>\n<p>La recharge se fait \u00e0 la station-service <a href=\"https:\/\/maps.app.goo.gl\/Bu1XjQp5HvHXwG966\" target=\"_blank\" rel=\"noopener\">SHELL dans la zone industrielle d&rsquo;Argostoli, en face du poste de police.<\/a><\/p>\n<\/div>\n<\/li>\n<li>\n<h3>S\u00e9curit\u00e9<\/h3>\n<div>\n<ol>\n<li>S\u00e9curit\u00e9<\/li>\n<li>D\u00e9tecteur de fum\u00e9e<\/li>\n<li>Des nids de feu \u00e0 chaque \u00e9tage<\/li>\n<li>Extincteurs<\/li>\n<li>Bo\u00eete de premiers secours<\/li>\n<li>*Si vous avez une sensibilit\u00e9 ou une allergie particuli\u00e8re du fait que le logement se trouve en campagne, merci d&rsquo;apporter avec vous les m\u00e9dicaments n\u00e9cessaires recommand\u00e9s par votre m\u00e9decin.<\/li>\n<\/ol>\n<\/div>\n<\/li>\n<li>\n<h3>Politiques <\/h3>\n<div>\n<h3>Politiques g\u00e9n\u00e9rales<\/h3>\n<ol>\n<li>R\u00e9servation minimum : 4 jours<\/li>\n<li>Il est interdit de fumer \u00e0 l&rsquo;int\u00e9rieur<\/li>\n<li>Les animaux ne sont pas accept\u00e9s<\/li>\n<li>\u00c9v\u00e9nements uniquement sur accord pr\u00e9alable.<\/li>\n<li>Enfants \u00e0 partir de 10 ans<\/li>\n<\/ol>\n<h3>Politique de r\u00e9servation<\/h3>\n<p>Pour confirmer votre r\u00e9servation, un acompte de 30% du montant total de la r\u00e9servation est demand\u00e9.<\/p>\n<p>Les 70% restants doivent \u00eatre r\u00e9gl\u00e9s 2 semaines avant votre arriv\u00e9e sous peine de voir votre r\u00e9servation annul\u00e9e sans remboursement de l&rsquo;acompte.<\/p>\n<p>Compte bancaire du Pir\u00e9e (Piraeus):<\/p>\n<p>GR7001724530005453111145451<\/p>\n<h3>Politique d&rsquo;annulation &#8211; remboursement du d\u00e9p\u00f4t<\/h3>\n<div class=\"el-content uk-panel uk-text-lead uk-margin-top\">\n<p>\u2013 <strong><span style=\"text-decoration: underline;\">Remboursement int\u00e9gral<\/span> <\/strong>du d\u00e9p\u00f4t pour les annulations jusqu\u2019\u00e0 30 jours avant l\u2019arriv\u00e9e (remboursement \u00e0 100%).<\/p>\n<p>\u2013 <span style=\"text-decoration: underline;\"><strong>Remboursement partiel<\/strong><\/span> de l\u2019acompte pour les annulations jusqu\u2019\u00e0 14 jours avant l\u2019arriv\u00e9e (Remboursement de 50%).<\/p>\n<p>\u2013 <span style=\"text-decoration: underline;\"><strong>Aucun remboursement<\/strong><\/span> en cas d\u2019annulation apr\u00e8s 14 jours (remboursement \u00e0 0%).<\/p>\n<\/div>\n<\/div>\n<\/li>\n<li>\n<h3>Arriv\u00e9e et d\u00e9part<\/h3>\n<div>\n<p>Keybox in the central entrance and outside every studio \/ apartment<\/p>\n<p><span style=\"text-decoration: underline;\">Arriv\u00e9e :<\/span> de 15h00 \u00e0 19h00 et apr\u00e8s 19h00, enregistrement automatique uniquement<\/p>\n<p><span style=\"text-decoration: underline;\">D\u00e9part :<\/span> jusqu&rsquo;\u00e0 10h00<\/p>\n<\/div>\n<\/li>\n<\/ul>\n<p><!--more--><br \/>\n<!-- {\"type\":\"layout\",\"children\":[{\"type\":\"section\",\"props\":{\"height\":\"full\",\"image\":\"wp-content\\\/uploads\\\/2023\\\/12\\\/chelmis-sea-front-apartments.jpg\",\"image_effect\":\"fixed\",\"image_position\":\"center-center\",\"image_size\":\"cover\",\"style\":\"default\",\"title_breakpoint\":\"xl\",\"title_position\":\"top-left\",\"title_rotation\":\"left\",\"vertical_align\":\"middle\",\"width\":\"\"},\"children\":[{\"type\":\"row\",\"children\":[{\"type\":\"column\",\"props\":{\"image_position\":\"center-center\",\"position_sticky_breakpoint\":\"m\",\"style\":\"tile-primary\"},\"children\":[{\"type\":\"headline\",\"props\":{\"content\":\"Commodit\\u00e9s \\u2013 Informations sur l\\u2019h\\u00e9bergement et les r\\u00e9servations\",\"text_align\":\"center\",\"title_element\":\"h2\"}},{\"type\":\"switcher\",\"props\":{\"content_column_breakpoint\":\"m\",\"content_style\":\"text-lead\",\"image_align\":\"top\",\"image_grid_breakpoint\":\"m\",\"image_grid_width\":\"1-2\",\"image_svg_color\":\"emphasis\",\"item_maxwidth\":\"xlarge\",\"link_style\":\"default\",\"link_text\":\"Read more\",\"margin\":\"default\",\"meta_align\":\"below-title\",\"meta_element\":\"div\",\"meta_style\":\"\",\"nav\":\"subnav-divider\",\"nav_align\":\"center\",\"nav_grid_breakpoint\":\"m\",\"nav_grid_width\":\"auto\",\"nav_position\":\"top\",\"show_content\":true,\"show_image\":true,\"show_label\":true,\"show_link\":true,\"show_meta\":true,\"show_thumbnail\":true,\"show_title\":true,\"switcher_animation\":\"fade\",\"switcher_height\":true,\"thumbnav_height\":\"75\",\"thumbnav_svg_color\":\"emphasis\",\"thumbnav_width\":\"100\",\"title_align\":\"top\",\"title_element\":\"h3\",\"title_grid_breakpoint\":\"m\",\"title_grid_width\":\"1-2\"},\"children\":[{\"type\":\"switcher_item\",\"props\":{\"content\":\"\n\n<ol>\\n\n\n<li>Cafeti\\u00e8re<\\\/li>\\n\n\n<li>Grille-pain<\\\/li>\\n\n\n<li>R\\u00e9frig\\u00e9rateur<\\\/li>\\n\n\n<li>Plaques de cuisson<\\\/li>\\n\n\n<li>Hotte<\\\/li>\\n\n\n<li>Bouilloire<\\\/li>\\n\n\n<li>Climatiseur<\\\/li>\\n\n\n<li>T\\u00e9l\\u00e9vision par satellite<\\\/li>\\n\n\n<li>Wi-Fi gratuit<\\\/li>\\n\n\n<li>S\\u00e8che-cheveux<\\\/li>\\n\n\n<li>Serviettes de piscine<\\\/li>\\n\n\n<li>Des articles de toilette sont fournis pour les premiers jours (shampooing, gel douche, papier toilette, etc.)<br \\\/>Panier de bienvenue<\\\/li>\\n<\\\/ol>\",\"image\":\"\",\"label\":\"Commodit\\u00e9s \",\"thumbnail\":\"wp-content\\\/uploads\\\/2023\\\/11\\\/logo.png\",\"title\":\"Commodit\\u00e9s communes dans toutes les chambres\"}},{\"type\":\"switcher_item\",\"props\":{\"content\":\"\n\n<ol>\\n\n\n<li>Piscine partag\\u00e9e (disponible de 8h00 \\u00e0 21h00)<\\\/li>\\n\n\n<li>Pool Bar ouvert de juin, <br \\\/>de 11h \\u00e0 19h.<\\\/li>\\n\n\n<li>BBQ partag\\u00e9 (disponible sur demande)<\\\/li>\\n\n\n<li>Service de blanchisserie disponible sur demande, gratuit, de 10h00 \\u00e0 21h00.<\\\/li>\\n\n\n<li>Parking gratuit<\\\/li>\\n\n\n<li>Boire de l'eau du robinet<\\\/li>\\n\n\n<li>Service de r\\u00e9ception de 15h00 \\u00e0 19h00<\\\/li>\\n<\\\/ol>\\n\n\n<p>Le Villehardouin Farm Estate est \\u00e9galement disponible, sur demande, comme lieu d\\u2019\\u00e9v\\u00e9nements (mariages, bapt\\u00eames, r\\u00e9ceptions, etc.).<br data-start=\\\"1190\\\" data-end=\\\"1193\\\" \\\/>Contactez-nous pour discuter des possibilit\\u00e9s et des conditions, conform\\u00e9ment \\u00e0 la politique de l\\u2019\\u00e9tablissement.<\\\/p>\\n\n\n<p>L'h\\u00e9bergement ne dispose pas de rechargeur pour voitures \\u00e9lectriques.<br \\\/><br \\\/>La recharge se fait \\u00e0 la station-service <a href=\\\"https:\\\/\\\/maps.app.goo.gl\\\/Bu1XjQp5HvHXwG966\\\" target=\\\"_blank\\\" rel=\\\"noopener\\\">SHELL dans la zone industrielle d'Argostoli, en face du poste de police.<\\\/a><br \\\/><br \\\/><\\\/p>\",\"image\":\"\",\"label\":\"Installations\",\"thumbnail\":\"wp-content\\\/uploads\\\/2023\\\/11\\\/logo.png\",\"title\":\"Installations\"}},{\"type\":\"switcher_item\",\"props\":{\"content\":\"\n\n<ol>\\n\n\n<li>S\\u00e9curit\\u00e9<\\\/li>\\n\n\n<li>D\\u00e9tecteur de fum\\u00e9e<\\\/li>\\n\n\n<li>Des nids de feu \\u00e0 chaque \\u00e9tage<\\\/li>\\n\n\n<li>Extincteurs<\\\/li>\\n\n\n<li>Bo\\u00eete de premiers secours<\\\/li>\\n\n\n<li>*Si vous avez une sensibilit\\u00e9 ou une allergie particuli\\u00e8re du fait que le logement se trouve en campagne, merci d'apporter avec vous les m\\u00e9dicaments n\\u00e9cessaires recommand\\u00e9s par votre m\\u00e9decin.<\\\/li>\\n<\\\/ol>\",\"image\":\"\",\"label\":\"S\\u00e9curit\\u00e9\",\"thumbnail\":\"wp-content\\\/uploads\\\/2023\\\/11\\\/logo.png\",\"title\":\"S\\u00e9curit\\u00e9\"}},{\"type\":\"switcher_item\",\"props\":{\"content\":\"\n\n<h3>Politiques g\\u00e9n\\u00e9rales<\\\/h3>\\n\n\n<ol>\\n\n\n<li>R\\u00e9servation minimum : 4 jours<\\\/li>\\n\n\n<li>Il est interdit de fumer \\u00e0 l'int\\u00e9rieur<\\\/li>\\n\n\n<li>Les animaux ne sont pas accept\\u00e9s<\\\/li>\\n\n\n<li>\\u00c9v\\u00e9nements uniquement sur accord pr\\u00e9alable.<\\\/li>\\n\n\n<li>Enfants \\u00e0 partir de 10 ans<\\\/li>\\n<\\\/ol>\\n\n\n<p><\\\/p>\\n\n\n<h3>Politique de r\\u00e9servation<\\\/h3>\\n\n\n<p>Pour confirmer votre r\\u00e9servation, un acompte de 30% du montant total de la r\\u00e9servation est demand\\u00e9.<\\\/p>\\n\n\n<p>Les 70% restants doivent \\u00eatre r\\u00e9gl\\u00e9s 2 semaines avant votre arriv\\u00e9e sous peine de voir votre r\\u00e9servation annul\\u00e9e sans remboursement de l'acompte.<\\\/p>\\n\n\n<p>Compte bancaire du Pir\\u00e9e (Piraeus):<\\\/p>\\n\n\n<p>GR7001724530005453111145451<\\\/p>\\n\n\n<h3>Politique d'annulation - remboursement du d\\u00e9p\\u00f4t<\\\/h3>\\n\n\n<div class=\\\"el-content uk-panel uk-text-lead uk-margin-top\\\">\\n\n\n<p>\\u2013 <strong><span style=\\\"text-decoration: underline;\\\">Remboursement int\\u00e9gral<\\\/span> <\\\/strong>du d\\u00e9p\\u00f4t pour les annulations jusqu\\u2019\\u00e0 30 jours avant l\\u2019arriv\\u00e9e (remboursement \\u00e0 100%).<\\\/p>\\n\n\n<p>\\u2013 <span style=\\\"text-decoration: underline;\\\"><strong>Remboursement partiel<\\\/strong><\\\/span> de l\\u2019acompte pour les annulations jusqu\\u2019\\u00e0 14 jours avant l\\u2019arriv\\u00e9e (Remboursement de 50%).<\\\/p>\\n\n\n<p>\\u2013 <span style=\\\"text-decoration: underline;\\\"><strong>Aucun remboursement<\\\/strong><\\\/span> en cas d\\u2019annulation apr\\u00e8s 14 jours (remboursement \\u00e0 0%).<\\\/p>\\n<\\\/div>\",\"image\":\"\",\"label\":\"Politiques \",\"thumbnail\":\"wp-content\\\/uploads\\\/2023\\\/11\\\/logo.png\",\"title\":\"Politiques \"}},{\"type\":\"switcher_item\",\"props\":{\"content\":\"\n\n<p>Keybox in the central entrance and outside every studio \\\/ apartment<\\\/p>\\n\n\n<p><span style=\\\"text-decoration: underline;\\\">Arriv\\u00e9e :<\\\/span> de 15h00 \\u00e0 19h00 et apr\\u00e8s 19h00, enregistrement automatique uniquement<\\\/p>\\n\n\n<p><span style=\\\"text-decoration: underline;\\\">D\\u00e9part :<\\\/span> jusqu'\\u00e0 10h00<\\\/p>\",\"image\":\"\",\"label\":\"Arriv\\u00e9e et d\\u00e9part\",\"thumbnail\":\"wp-content\\\/uploads\\\/2023\\\/11\\\/logo.png\",\"title\":\"Arriv\\u00e9e et d\\u00e9part\"}}]}]}],\"props\":{\"width\":\"default\"}}]}],\"version\":\"4.2.6\"} --><\/p>\n","protected":false},"excerpt":{"rendered":"<p>Commodit\u00e9s \u2013 Informations sur l\u2019h\u00e9bergement et les r\u00e9servations Commodit\u00e9s communes dans toutes les chambres Cafeti\u00e8re Grille-pain R\u00e9frig\u00e9rateur Plaques de cuisson Hotte Bouilloire Climatiseur T\u00e9l\u00e9vision par satellite Wi-Fi gratuit S\u00e8che-cheveux Serviettes de piscine Des articles de toilette sont fournis pour les premiers jours (shampooing, gel douche, papier toilette, etc.)Panier de bienvenue Installations Piscine partag\u00e9e (disponible de [&hellip;]<\/p>\n","protected":false},"author":1,"featured_media":0,"parent":0,"menu_order":0,"comment_status":"closed","ping_status":"closed","template":"","meta":{"footnotes":""},"class_list":["post-1701","page","type-page","status-publish","hentry"],"_links":{"self":[{"href":"https:\/\/villehardouin.com\/fr\/wp-json\/wp\/v2\/pages\/1701","targetHints":{"allow":["GET"]}}],"collection":[{"href":"https:\/\/villehardouin.com\/fr\/wp-json\/wp\/v2\/pages"}],"about":[{"href":"https:\/\/villehardouin.com\/fr\/wp-json\/wp\/v2\/types\/page"}],"author":[{"embeddable":true,"href":"https:\/\/villehardouin.com\/fr\/wp-json\/wp\/v2\/users\/1"}],"replies":[{"embeddable":true,"href":"https:\/\/villehardouin.com\/fr\/wp-json\/wp\/v2\/comments?post=1701"}],"version-history":[{"count":16,"href":"https:\/\/villehardouin.com\/fr\/wp-json\/wp\/v2\/pages\/1701\/revisions"}],"predecessor-version":[{"id":2784,"href":"https:\/\/villehardouin.com\/fr\/wp-json\/wp\/v2\/pages\/1701\/revisions\/2784"}],"wp:attachment":[{"href":"https:\/\/villehardouin.com\/fr\/wp-json\/wp\/v2\/media?parent=1701"}],"curies":[{"name":"wp","href":"https:\/\/api.w.org\/{rel}","templated":true}]}}