{"id":1687,"date":"2024-01-05T12:38:05","date_gmt":"2024-01-05T12:38:05","guid":{"rendered":"https:\/\/villehardouin.com\/?page_id=1687"},"modified":"2024-10-09T10:28:43","modified_gmt":"2024-10-09T10:28:43","slug":"vemilys-maison-de-ferme","status":"publish","type":"page","link":"https:\/\/villehardouin.com\/fr\/reservez\/vemilys-maison-de-ferme\/","title":{"rendered":"Vemilys Maison de Ferme"},"content":{"rendered":"<div>\n<p>    <img decoding=\"async\" src=\"\/wp-content\/uploads\/2024\/06\/cottage-3-scaled.jpg\" alt=\"\"><\/p>\n<\/div>\n<h1>Vemily&rsquo;s Maison de Ferme<\/h1>\n<div>\n<p>        <img decoding=\"async\" src=\"\/wp-content\/uploads\/2024\/02\/icon-4-persons.png\" alt=\"\"><\/p>\n<h3>Peut accueillir 4 personnes<\/h3>\n<\/div>\n<div>\n<p>        <img decoding=\"async\" src=\"\/wp-content\/uploads\/2024\/01\/single_bed.png\" alt=\"\"><\/p>\n<h3>4 X lits simples<\/h3>\n<\/div>\n<div>\n<p>        <img decoding=\"async\" src=\"\/wp-content\/uploads\/2024\/01\/ac.png\" alt=\"\"><\/p>\n<h3>2 X climatiseurs<\/h3>\n<\/div>\n<div>\n<p>        <img decoding=\"async\" src=\"\/wp-content\/uploads\/2024\/01\/kitchen.png\" alt=\"\"><\/p>\n<h3>Cuisine enti\u00e8rement \u00e9quip\u00e9e<\/h3>\n<\/div>\n<h3>\n<p style=\"text-align: center;\">La maison de ferme ind\u00e9pendante de Vemily est id\u00e9ale pour les familles<\/p>\n<\/h3>\n<h2>Maison de ferme ind\u00e9pendante de Vemily<\/h2>\n<div>\n<h3>33m\u00b2 <img loading=\"lazy\" decoding=\"async\" src=\"https:\/\/villehardouin.com\/wp-content\/uploads\/2024\/02\/icon-single-bed-black-300x300.png\" alt=\"\" width=\"50\" height=\"50\" class=\"alignnone wp-image-653\" srcset=\"https:\/\/villehardouin.com\/wp-content\/uploads\/2024\/02\/icon-single-bed-black-300x300.png 300w, https:\/\/villehardouin.com\/wp-content\/uploads\/2024\/02\/icon-single-bed-black-150x150.png 150w, https:\/\/villehardouin.com\/wp-content\/uploads\/2024\/02\/icon-single-bed-black.png 540w\" sizes=\"auto, (max-width: 50px) 100vw, 50px\" \/><img loading=\"lazy\" decoding=\"async\" src=\"https:\/\/villehardouin.com\/wp-content\/uploads\/2024\/02\/icon-single-bed-black-300x300.png\" alt=\"\" width=\"50\" height=\"50\" class=\"alignnone wp-image-653\" srcset=\"https:\/\/villehardouin.com\/wp-content\/uploads\/2024\/02\/icon-single-bed-black-300x300.png 300w, https:\/\/villehardouin.com\/wp-content\/uploads\/2024\/02\/icon-single-bed-black-150x150.png 150w, https:\/\/villehardouin.com\/wp-content\/uploads\/2024\/02\/icon-single-bed-black.png 540w\" sizes=\"auto, (max-width: 50px) 100vw, 50px\" \/><img loading=\"lazy\" decoding=\"async\" src=\"https:\/\/villehardouin.com\/wp-content\/uploads\/2024\/02\/icon-single-bed-black-300x300.png\" alt=\"\" width=\"50\" height=\"50\" class=\"alignnone wp-image-653\" srcset=\"https:\/\/villehardouin.com\/wp-content\/uploads\/2024\/02\/icon-single-bed-black-300x300.png 300w, https:\/\/villehardouin.com\/wp-content\/uploads\/2024\/02\/icon-single-bed-black-150x150.png 150w, https:\/\/villehardouin.com\/wp-content\/uploads\/2024\/02\/icon-single-bed-black.png 540w\" sizes=\"auto, (max-width: 50px) 100vw, 50px\" \/><img loading=\"lazy\" decoding=\"async\" src=\"https:\/\/villehardouin.com\/wp-content\/uploads\/2024\/02\/icon-single-bed-black-300x300.png\" alt=\"\" width=\"50\" height=\"50\" class=\"alignnone wp-image-653\" srcset=\"https:\/\/villehardouin.com\/wp-content\/uploads\/2024\/02\/icon-single-bed-black-300x300.png 300w, https:\/\/villehardouin.com\/wp-content\/uploads\/2024\/02\/icon-single-bed-black-150x150.png 150w, https:\/\/villehardouin.com\/wp-content\/uploads\/2024\/02\/icon-single-bed-black.png 540w\" sizes=\"auto, (max-width: 50px) 100vw, 50px\" \/><img loading=\"lazy\" decoding=\"async\" src=\"https:\/\/villehardouin.com\/wp-content\/uploads\/2024\/02\/icon-terrace-black-300x300.png\" alt=\"\" width=\"50\" height=\"50\" class=\"alignnone wp-image-662\" srcset=\"https:\/\/villehardouin.com\/wp-content\/uploads\/2024\/02\/icon-terrace-black-300x300.png 300w, https:\/\/villehardouin.com\/wp-content\/uploads\/2024\/02\/icon-terrace-black-150x150.png 150w, https:\/\/villehardouin.com\/wp-content\/uploads\/2024\/02\/icon-terrace-black.png 540w\" sizes=\"auto, (max-width: 50px) 100vw, 50px\" \/><img loading=\"lazy\" decoding=\"async\" src=\"https:\/\/villehardouin.com\/wp-content\/uploads\/2024\/02\/icon-aircondition-black-300x300.png\" alt=\"\" width=\"50\" height=\"50\" class=\"alignnone wp-image-655\" srcset=\"https:\/\/villehardouin.com\/wp-content\/uploads\/2024\/02\/icon-aircondition-black-300x300.png 300w, https:\/\/villehardouin.com\/wp-content\/uploads\/2024\/02\/icon-aircondition-black-150x150.png 150w, https:\/\/villehardouin.com\/wp-content\/uploads\/2024\/02\/icon-aircondition-black.png 540w\" sizes=\"auto, (max-width: 50px) 100vw, 50px\" \/><img loading=\"lazy\" decoding=\"async\" src=\"https:\/\/villehardouin.com\/wp-content\/uploads\/2024\/02\/icon-fully-equipped-kitchen-black-300x300.png\" alt=\"\" width=\"50\" height=\"50\" class=\"alignnone wp-image-658\" srcset=\"https:\/\/villehardouin.com\/wp-content\/uploads\/2024\/02\/icon-fully-equipped-kitchen-black-300x300.png 300w, https:\/\/villehardouin.com\/wp-content\/uploads\/2024\/02\/icon-fully-equipped-kitchen-black-150x150.png 150w, https:\/\/villehardouin.com\/wp-content\/uploads\/2024\/02\/icon-fully-equipped-kitchen-black.png 540w\" sizes=\"auto, (max-width: 50px) 100vw, 50px\" \/><img loading=\"lazy\" decoding=\"async\" src=\"https:\/\/villehardouin.com\/wp-content\/uploads\/2024\/02\/icon-shower-black-300x300.png\" alt=\"\" width=\"50\" height=\"50\" class=\"alignnone wp-image-663\" srcset=\"https:\/\/villehardouin.com\/wp-content\/uploads\/2024\/02\/icon-shower-black-300x300.png 300w, https:\/\/villehardouin.com\/wp-content\/uploads\/2024\/02\/icon-shower-black-150x150.png 150w, https:\/\/villehardouin.com\/wp-content\/uploads\/2024\/02\/icon-shower-black.png 540w\" sizes=\"auto, (max-width: 50px) 100vw, 50px\" \/><img loading=\"lazy\" decoding=\"async\" src=\"https:\/\/villehardouin.com\/wp-content\/uploads\/2024\/02\/icon-safe-black-300x300.png\" alt=\"\" width=\"50\" height=\"50\" class=\"alignnone wp-image-665\" srcset=\"https:\/\/villehardouin.com\/wp-content\/uploads\/2024\/02\/icon-safe-black-300x300.png 300w, https:\/\/villehardouin.com\/wp-content\/uploads\/2024\/02\/icon-safe-black-150x150.png 150w, https:\/\/villehardouin.com\/wp-content\/uploads\/2024\/02\/icon-safe-black.png 540w\" sizes=\"auto, (max-width: 50px) 100vw, 50px\" \/><\/h3>\n<\/div>\n<div>\n<ul>\n<li style=\"list-style-type: none\">\n<ul>Maison de ferme ind\u00e9pendante avec 2 chambres et 2 climatiseurs.<\/ul>\n<\/li>\n<\/ul>\n<ul>\n<li>Chaque chambre dispose de 2 lits simples.<\/li>\n<li>La maison dispose \u00e9galement d&rsquo;une t\u00e9l\u00e9vision, d&rsquo;une armoire avec coffre-fort, d&rsquo;un comptoir pour valises,<\/li>\n<li>\u00e9vier, r\u00e9frig\u00e9rateur, appareil de cuisine \u00e9lectrique avec four et hotte, dispose d&rsquo;une bouilloire, casseroles, po\u00eale, assiettes, verres, couverts, etc. ustensiles.<\/li>\n<li>Table de terrasse avec chaises<\/li>\n<\/ul>\n<\/div>\n<ul>\n<li>\n<p>        <img decoding=\"async\" src=\"\/wp-content\/uploads\/2024\/06\/cottage-3-scaled.jpg\" alt=\"\"><\/p>\n<\/li>\n<li>\n<p>        <img decoding=\"async\" src=\"\/wp-content\/uploads\/2024\/06\/cottage-scaled.jpg\" alt=\"\"><\/p>\n<\/li>\n<li>\n<p>        <img decoding=\"async\" src=\"\/wp-content\/uploads\/2024\/06\/vemilys-cottage-1-scaled.jpg\" alt=\"\"><\/p>\n<\/li>\n<li>\n<p>        <img decoding=\"async\" src=\"\/wp-content\/uploads\/2024\/06\/vemilys-cottage-2-scaled.jpg\" alt=\"\"><\/p>\n<\/li>\n<li>\n<p>        <img decoding=\"async\" src=\"\/wp-content\/uploads\/2024\/06\/cottage-2-scaled.jpg\" alt=\"\"><\/p>\n<\/li>\n<li>\n<p>        <img decoding=\"async\" src=\"\/wp-content\/uploads\/2024\/06\/cottage-34-scaled.jpg\" alt=\"\"><\/p>\n<\/li>\n<li>\n<p>        <img decoding=\"async\" src=\"\/wp-content\/uploads\/2024\/06\/cottage-23423-scaled.jpg\" alt=\"\"><\/p>\n<\/li>\n<li>\n<p>        <img decoding=\"async\" src=\"\/wp-content\/uploads\/2024\/04\/4R1A0614-HDR-scaled.jpg\" alt=\"\"><\/p>\n<\/li>\n<li>\n<p>        <img decoding=\"async\" src=\"\/wp-content\/uploads\/2024\/04\/4R1A0657-scaled.jpg\" alt=\"\"><\/p>\n<\/li>\n<li>\n<p>        <img decoding=\"async\" src=\"\/wp-content\/uploads\/2024\/04\/4R1A0659-scaled.jpg\" alt=\"\"><\/p>\n<\/li>\n<li>\n<p>        <img decoding=\"async\" src=\"\/wp-content\/uploads\/2024\/04\/4R1A0656-scaled.jpg\" alt=\"\"><\/p>\n<\/li>\n<li>\n<p>        <img decoding=\"async\" src=\"\/wp-content\/uploads\/2024\/04\/4R1A0650-HDR-scaled.jpg\" alt=\"\"><\/p>\n<\/li>\n<li>\n<p>        <img decoding=\"async\" src=\"\/wp-content\/uploads\/2024\/04\/4R1A0647-HDR-scaled.jpg\" alt=\"\"><\/p>\n<\/li>\n<li>\n<p>        <img decoding=\"async\" src=\"\/wp-content\/uploads\/2024\/04\/4R1A0635-HDR-scaled.jpg\" alt=\"\"><\/p>\n<\/li>\n<li>\n<p>        <img decoding=\"async\" src=\"\/wp-content\/uploads\/2024\/04\/4R1A0629-HDR-scaled.jpg\" alt=\"\"><\/p>\n<\/li>\n<li>\n<p>        <img decoding=\"async\" src=\"\/wp-content\/uploads\/2024\/04\/4R1A0623-HDR-scaled.jpg\" alt=\"\"><\/p>\n<\/li>\n<\/ul>\n<p>\n    <a href=\"\/contact\/\">Contact<\/a>\n<\/p>\n<p><!--more--><br \/>\n<!-- {\"type\":\"layout\",\"children\":[{\"type\":\"section\",\"props\":{\"image_position\":\"center-center\",\"padding\":\"small\",\"padding_remove_bottom\":false,\"padding_remove_top\":true,\"style\":\"default\",\"title_breakpoint\":\"xl\",\"title_position\":\"top-left\",\"title_rotation\":\"left\",\"vertical_align\":\"middle\",\"width\":\"\"},\"children\":[{\"type\":\"row\",\"children\":[{\"type\":\"column\",\"props\":{\"image_position\":\"center-center\",\"position_sticky_breakpoint\":\"m\"},\"children\":[{\"type\":\"slideshow\",\"props\":{\"link_style\":\"default\",\"link_text\":\"Read more\",\"margin\":\"default\",\"meta_align\":\"below-title\",\"meta_element\":\"div\",\"meta_style\":\"text-meta\",\"nav\":\"dotnav\",\"nav_align\":\"center\",\"nav_breakpoint\":\"s\",\"nav_position\":\"bottom-center\",\"nav_position_margin\":\"medium\",\"overlay_animation\":\"parallax\",\"overlay_position\":\"center\",\"overlay_style\":\"overlay-default\",\"show_content\":true,\"show_link\":true,\"show_meta\":true,\"show_thumbnail\":true,\"show_title\":true,\"slidenav\":\"default\",\"slidenav_breakpoint\":\"s\",\"slidenav_margin\":\"medium\",\"slidenav_outside_breakpoint\":\"xl\",\"slideshow_autoplay_pause\":true,\"slideshow_min_height\":300,\"text_align\":\"center\",\"thumbnav_height\":\"75\",\"thumbnav_svg_color\":\"emphasis\",\"thumbnav_width\":\"100\",\"title_element\":\"h3\"},\"children\":[{\"type\":\"slideshow_item\",\"props\":{\"image\":\"wp-content\\\/uploads\\\/2024\\\/06\\\/cottage-3-scaled.jpg\",\"title\":\"\"}}]},{\"type\":\"headline\",\"props\":{\"content\":\"Vemily's Maison de Ferme\",\"text_align\":\"center\",\"title_element\":\"h1\"}}]}]}]},{\"type\":\"section\",\"props\":{\"image_position\":\"center-center\",\"style\":\"primary\",\"title_breakpoint\":\"xl\",\"title_position\":\"top-left\",\"title_rotation\":\"left\",\"vertical_align\":\"middle\",\"width\":\"default\"},\"children\":[{\"type\":\"row\",\"children\":[{\"type\":\"column\",\"props\":{\"image_position\":\"center-center\",\"position_sticky_breakpoint\":\"m\",\"width_medium\":\"1-4\",\"width_small\":\"1-2\"},\"children\":[{\"type\":\"panel\",\"props\":{\"content_column_breakpoint\":\"m\",\"icon_width\":80,\"image\":\"wp-content\\\/uploads\\\/2024\\\/02\\\/icon-4-persons.png\",\"image_align\":\"top\",\"image_grid_breakpoint\":\"m\",\"image_grid_width\":\"1-2\",\"image_svg_color\":\"emphasis\",\"image_width\":\"150\",\"link_style\":\"default\",\"link_text\":\"Read more\",\"margin\":\"default\",\"meta_align\":\"below-title\",\"meta_element\":\"div\",\"meta_style\":\"text-meta\",\"text_align\":\"center\",\"title\":\"Peut accueillir 4 personnes\",\"title_align\":\"top\",\"title_element\":\"h3\",\"title_grid_breakpoint\":\"m\",\"title_grid_width\":\"1-2\",\"title_hover_style\":\"reset\"}}]},{\"type\":\"column\",\"props\":{\"image_position\":\"center-center\",\"position_sticky_breakpoint\":\"m\",\"width_medium\":\"1-4\",\"width_small\":\"1-2\"},\"children\":[{\"type\":\"panel\",\"props\":{\"content_column_breakpoint\":\"m\",\"icon_width\":80,\"image\":\"wp-content\\\/uploads\\\/2024\\\/01\\\/single_bed.png\",\"image_align\":\"top\",\"image_grid_breakpoint\":\"m\",\"image_grid_width\":\"1-2\",\"image_svg_color\":\"emphasis\",\"image_width\":\"150\",\"link_style\":\"default\",\"link_text\":\"Read more\",\"margin\":\"default\",\"meta_align\":\"below-title\",\"meta_element\":\"div\",\"meta_style\":\"text-meta\",\"text_align\":\"center\",\"title\":\"4 X lits simples\",\"title_align\":\"top\",\"title_element\":\"h3\",\"title_grid_breakpoint\":\"m\",\"title_grid_width\":\"1-2\",\"title_hover_style\":\"reset\"}}]},{\"type\":\"column\",\"props\":{\"image_position\":\"center-center\",\"position_sticky_breakpoint\":\"m\",\"width_medium\":\"1-4\",\"width_small\":\"1-2\"},\"children\":[{\"type\":\"panel\",\"props\":{\"content_column_breakpoint\":\"m\",\"icon_width\":80,\"image\":\"wp-content\\\/uploads\\\/2024\\\/01\\\/ac.png\",\"image_align\":\"top\",\"image_grid_breakpoint\":\"m\",\"image_grid_width\":\"1-2\",\"image_height\":\"150\",\"image_svg_color\":\"emphasis\",\"link_style\":\"default\",\"link_text\":\"Read more\",\"margin\":\"default\",\"meta_align\":\"below-title\",\"meta_element\":\"div\",\"meta_style\":\"text-meta\",\"text_align\":\"center\",\"title\":\"2 X climatiseurs\",\"title_align\":\"top\",\"title_element\":\"h3\",\"title_grid_breakpoint\":\"m\",\"title_grid_width\":\"1-2\",\"title_hover_style\":\"reset\"}}]},{\"type\":\"column\",\"props\":{\"image_position\":\"center-center\",\"position_sticky_breakpoint\":\"m\",\"width_medium\":\"1-4\",\"width_small\":\"1-2\"},\"children\":[{\"type\":\"panel\",\"props\":{\"content_column_breakpoint\":\"m\",\"icon_width\":80,\"image\":\"wp-content\\\/uploads\\\/2024\\\/01\\\/kitchen.png\",\"image_align\":\"top\",\"image_grid_breakpoint\":\"m\",\"image_grid_width\":\"1-2\",\"image_height\":\"150\",\"image_svg_color\":\"emphasis\",\"link_style\":\"default\",\"link_text\":\"Read more\",\"margin\":\"default\",\"meta_align\":\"below-title\",\"meta_element\":\"div\",\"meta_style\":\"text-meta\",\"text_align\":\"center\",\"title\":\"Cuisine enti\\u00e8rement \\u00e9quip\\u00e9e\",\"title_align\":\"top\",\"title_element\":\"h3\",\"title_grid_breakpoint\":\"m\",\"title_grid_width\":\"1-2\",\"title_hover_style\":\"reset\"}}]}],\"props\":{\"layout\":\"1-4,1-4,1-4,1-4|1-2,1-2,1-2,1-2\"}}]},{\"type\":\"section\",\"props\":{\"image_position\":\"center-center\",\"style\":\"secondary\",\"title_breakpoint\":\"xl\",\"title_position\":\"top-left\",\"title_rotation\":\"left\",\"vertical_align\":\"middle\",\"width\":\"default\"},\"children\":[{\"type\":\"row\",\"children\":[{\"type\":\"column\",\"props\":{\"image_position\":\"center-center\",\"position_sticky_breakpoint\":\"m\",\"style\":\"card-secondary\"},\"children\":[{\"type\":\"headline\",\"props\":{\"content\":\"\n\n<p style=\\\"text-align: center;\\\">La maison de ferme ind\\u00e9pendante de Vemily est id\\u00e9ale pour les familles<\\\/p>\",\"title_element\":\"h3\"},\"name\":\"\\u03bf\\u03c7\\u03b9 \\u03b4\\u03b9\\u03b1\\u03c7\\u03c9\\u03c1\\u03b9\\u03c3\\u03c4\\u03b9\\u03ba\\u03bf\"}]}]},{\"type\":\"row\",\"children\":[{\"type\":\"column\",\"props\":{\"image_position\":\"center-center\",\"position_sticky_breakpoint\":\"m\"},\"children\":[{\"type\":\"headline\",\"props\":{\"content\":\"Maison de ferme ind\\u00e9pendante de Vemily\",\"text_align\":\"center\",\"title_element\":\"h2\"}},{\"type\":\"text\",\"props\":{\"column_breakpoint\":\"m\",\"content\":\"\n\n<h3>33m\\u00b2 <img src=\\\"https:\\\/\\\/villehardouin.com\\\/wp-content\\\/uploads\\\/2024\\\/02\\\/icon-single-bed-black-300x300.png\\\" alt=\\\"\\\" width=\\\"50\\\" height=\\\"50\\\" class=\\\"alignnone wp-image-653\\\" \\\/><img src=\\\"https:\\\/\\\/villehardouin.com\\\/wp-content\\\/uploads\\\/2024\\\/02\\\/icon-single-bed-black-300x300.png\\\" alt=\\\"\\\" width=\\\"50\\\" height=\\\"50\\\" class=\\\"alignnone wp-image-653\\\" \\\/><img src=\\\"https:\\\/\\\/villehardouin.com\\\/wp-content\\\/uploads\\\/2024\\\/02\\\/icon-single-bed-black-300x300.png\\\" alt=\\\"\\\" width=\\\"50\\\" height=\\\"50\\\" class=\\\"alignnone wp-image-653\\\" \\\/><img src=\\\"https:\\\/\\\/villehardouin.com\\\/wp-content\\\/uploads\\\/2024\\\/02\\\/icon-single-bed-black-300x300.png\\\" alt=\\\"\\\" width=\\\"50\\\" height=\\\"50\\\" class=\\\"alignnone wp-image-653\\\" \\\/><img src=\\\"https:\\\/\\\/villehardouin.com\\\/wp-content\\\/uploads\\\/2024\\\/02\\\/icon-terrace-black-300x300.png\\\" alt=\\\"\\\" width=\\\"50\\\" height=\\\"50\\\" class=\\\"alignnone wp-image-662\\\" \\\/><img src=\\\"https:\\\/\\\/villehardouin.com\\\/wp-content\\\/uploads\\\/2024\\\/02\\\/icon-aircondition-black-300x300.png\\\" alt=\\\"\\\" width=\\\"50\\\" height=\\\"50\\\" class=\\\"alignnone wp-image-655\\\" \\\/><img src=\\\"https:\\\/\\\/villehardouin.com\\\/wp-content\\\/uploads\\\/2024\\\/02\\\/icon-fully-equipped-kitchen-black-300x300.png\\\" alt=\\\"\\\" width=\\\"50\\\" height=\\\"50\\\" class=\\\"alignnone wp-image-658\\\" \\\/><img src=\\\"https:\\\/\\\/villehardouin.com\\\/wp-content\\\/uploads\\\/2024\\\/02\\\/icon-shower-black-300x300.png\\\" alt=\\\"\\\" width=\\\"50\\\" height=\\\"50\\\" class=\\\"alignnone wp-image-663\\\" \\\/><img src=\\\"https:\\\/\\\/villehardouin.com\\\/wp-content\\\/uploads\\\/2024\\\/02\\\/icon-safe-black-300x300.png\\\" alt=\\\"\\\" width=\\\"50\\\" height=\\\"50\\\" class=\\\"alignnone wp-image-665\\\" \\\/><\\\/h3>\",\"margin\":\"default\",\"text_align\":\"center\"},\"name\":\"icons\"},{\"type\":\"text\",\"props\":{\"column_breakpoint\":\"m\",\"content\":\"\n\n<ul>\\n\n\n<li style=\\\"list-style-type: none\\\">\\n\n\n<ul>Maison de ferme ind\\u00e9pendante avec 2 chambres et 2 climatiseurs.<\\\/ul>\\n<\\\/li>\\n<\\\/ul>\\n\n\n<p><\\\/p>\\n\n\n<ul>\\n\n\n<li>Chaque chambre dispose de 2 lits simples.<\\\/li>\\n\n\n<li>La maison dispose \\u00e9galement d'une t\\u00e9l\\u00e9vision, d'une armoire avec coffre-fort, d'un comptoir pour valises,<\\\/li>\\n\n\n<li>\\u00e9vier, r\\u00e9frig\\u00e9rateur, appareil de cuisine \\u00e9lectrique avec four et hotte, dispose d'une bouilloire, casseroles, po\\u00eale, assiettes, verres, couverts, etc. ustensiles.<\\\/li>\\n\n\n<li>Table de terrasse avec chaises<\\\/li>\\n<\\\/ul>\",\"margin\":\"default\",\"text_style\":\"lead\"}}]}]}]},{\"type\":\"section\",\"props\":{\"image_position\":\"center-center\",\"style\":\"default\",\"title_breakpoint\":\"xl\",\"title_position\":\"top-left\",\"title_rotation\":\"left\",\"vertical_align\":\"middle\",\"width\":\"default\"},\"children\":[{\"type\":\"row\",\"children\":[{\"type\":\"column\",\"props\":{\"image_position\":\"center-center\",\"position_sticky_breakpoint\":\"m\"},\"children\":[{\"type\":\"gallery\",\"props\":{\"filter_align\":\"left\",\"filter_all\":true,\"filter_grid_breakpoint\":\"m\",\"filter_grid_width\":\"auto\",\"filter_position\":\"top\",\"filter_style\":\"tab\",\"grid_default\":\"1\",\"grid_medium\":\"3\",\"image_height\":\"450\",\"image_width\":\"450\",\"item_animation\":true,\"lightbox\":true,\"link_style\":\"default\",\"link_text\":\"\",\"link_transition\":\"scale-up\",\"margin\":\"default\",\"meta_align\":\"below-title\",\"meta_element\":\"div\",\"meta_style\":\"text-meta\",\"overlay_hover\":true,\"overlay_link\":true,\"overlay_mode\":\"cover\",\"overlay_position\":\"center\",\"overlay_style\":\"overlay-default\",\"overlay_transition\":\"fade\",\"show_content\":true,\"show_hover_image\":true,\"show_link\":true,\"show_meta\":true,\"show_title\":true,\"text_align\":\"center\",\"text_color\":\"light\",\"title_element\":\"h3\",\"title_hover_style\":\"reset\"},\"children\":[{\"type\":\"gallery_item\",\"props\":{\"image\":\"wp-content\\\/uploads\\\/2024\\\/06\\\/cottage-3-scaled.jpg\"}},{\"type\":\"gallery_item\",\"props\":{\"image\":\"wp-content\\\/uploads\\\/2024\\\/06\\\/cottage-scaled.jpg\"}},{\"type\":\"gallery_item\",\"props\":{\"image\":\"wp-content\\\/uploads\\\/2024\\\/06\\\/vemilys-cottage-1-scaled.jpg\"}},{\"type\":\"gallery_item\",\"props\":{\"image\":\"wp-content\\\/uploads\\\/2024\\\/06\\\/vemilys-cottage-2-scaled.jpg\"}},{\"type\":\"gallery_item\",\"props\":{\"image\":\"wp-content\\\/uploads\\\/2024\\\/06\\\/cottage-2-scaled.jpg\"}},{\"type\":\"gallery_item\",\"props\":{\"image\":\"wp-content\\\/uploads\\\/2024\\\/06\\\/cottage-34-scaled.jpg\"}},{\"type\":\"gallery_item\",\"props\":{\"image\":\"wp-content\\\/uploads\\\/2024\\\/06\\\/cottage-23423-scaled.jpg\"}},{\"type\":\"gallery_item\",\"props\":{\"image\":\"wp-content\\\/uploads\\\/2024\\\/04\\\/4R1A0614-HDR-scaled.jpg\"}},{\"type\":\"gallery_item\",\"props\":{\"image\":\"wp-content\\\/uploads\\\/2024\\\/04\\\/4R1A0657-scaled.jpg\"}},{\"type\":\"gallery_item\",\"props\":{\"image\":\"wp-content\\\/uploads\\\/2024\\\/04\\\/4R1A0659-scaled.jpg\"}},{\"type\":\"gallery_item\",\"props\":{\"image\":\"wp-content\\\/uploads\\\/2024\\\/04\\\/4R1A0656-scaled.jpg\"}},{\"type\":\"gallery_item\",\"props\":{\"image\":\"wp-content\\\/uploads\\\/2024\\\/04\\\/4R1A0650-HDR-scaled.jpg\"}},{\"type\":\"gallery_item\",\"props\":{\"image\":\"wp-content\\\/uploads\\\/2024\\\/04\\\/4R1A0647-HDR-scaled.jpg\"}},{\"type\":\"gallery_item\",\"props\":{\"image\":\"wp-content\\\/uploads\\\/2024\\\/04\\\/4R1A0635-HDR-scaled.jpg\"}},{\"type\":\"gallery_item\",\"props\":{\"image\":\"wp-content\\\/uploads\\\/2024\\\/04\\\/4R1A0629-HDR-scaled.jpg\"}},{\"type\":\"gallery_item\",\"props\":{\"image\":\"wp-content\\\/uploads\\\/2024\\\/04\\\/4R1A0623-HDR-scaled.jpg\"}}],\"name\":\"gallery cottage\"}]}]}]},{\"type\":\"section\",\"props\":{\"image_position\":\"center-center\",\"style\":\"default\",\"title_breakpoint\":\"xl\",\"title_position\":\"top-left\",\"title_rotation\":\"left\",\"vertical_align\":\"middle\",\"width\":\"default\"},\"children\":[{\"type\":\"row\",\"children\":[{\"type\":\"column\",\"props\":{\"image_position\":\"center-center\",\"position_sticky_breakpoint\":\"m\"},\"children\":[{\"type\":\"button\",\"props\":{\"button_size\":\"large\",\"grid_column_gap\":\"small\",\"grid_row_gap\":\"small\",\"margin\":\"default\",\"text_align\":\"center\"},\"children\":[{\"type\":\"button_item\",\"props\":{\"button_style\":\"primary\",\"content\":\"Contact\",\"icon_align\":\"left\",\"link\":\"contact\\\/\"}}]}]}]}]}],\"version\":\"4.2.6\"} --><\/p>\n","protected":false},"excerpt":{"rendered":"<p>Vemily&rsquo;s Maison de Ferme Peut accueillir 4 personnes 4 X lits simples 2 X climatiseurs Cuisine enti\u00e8rement \u00e9quip\u00e9e La maison de ferme ind\u00e9pendante de Vemily est id\u00e9ale pour les familles Maison de ferme ind\u00e9pendante de Vemily 33m\u00b2 Maison de ferme ind\u00e9pendante avec 2 chambres et 2 climatiseurs. Chaque chambre dispose de 2 lits simples. La [&hellip;]<\/p>\n","protected":false},"author":1,"featured_media":0,"parent":1685,"menu_order":0,"comment_status":"closed","ping_status":"closed","template":"","meta":{"footnotes":""},"class_list":["post-1687","page","type-page","status-publish","hentry"],"_links":{"self":[{"href":"https:\/\/villehardouin.com\/fr\/wp-json\/wp\/v2\/pages\/1687","targetHints":{"allow":["GET"]}}],"collection":[{"href":"https:\/\/villehardouin.com\/fr\/wp-json\/wp\/v2\/pages"}],"about":[{"href":"https:\/\/villehardouin.com\/fr\/wp-json\/wp\/v2\/types\/page"}],"author":[{"embeddable":true,"href":"https:\/\/villehardouin.com\/fr\/wp-json\/wp\/v2\/users\/1"}],"replies":[{"embeddable":true,"href":"https:\/\/villehardouin.com\/fr\/wp-json\/wp\/v2\/comments?post=1687"}],"version-history":[{"count":14,"href":"https:\/\/villehardouin.com\/fr\/wp-json\/wp\/v2\/pages\/1687\/revisions"}],"predecessor-version":[{"id":2468,"href":"https:\/\/villehardouin.com\/fr\/wp-json\/wp\/v2\/pages\/1687\/revisions\/2468"}],"up":[{"embeddable":true,"href":"https:\/\/villehardouin.com\/fr\/wp-json\/wp\/v2\/pages\/1685"}],"wp:attachment":[{"href":"https:\/\/villehardouin.com\/fr\/wp-json\/wp\/v2\/media?parent=1687"}],"curies":[{"name":"wp","href":"https:\/\/api.w.org\/{rel}","templated":true}]}}