{"id":1683,"date":"2024-01-30T12:52:59","date_gmt":"2024-01-30T12:52:59","guid":{"rendered":"https:\/\/villehardouin.com\/?page_id=1683"},"modified":"2024-10-09T10:29:16","modified_gmt":"2024-10-09T10:29:16","slug":"pour-nous","status":"publish","type":"page","link":"https:\/\/villehardouin.com\/fr\/pour-nous\/","title":{"rendered":"Pour nous"},"content":{"rendered":"<h1>Pour nous<\/h1>\n<p><img decoding=\"async\" src=\"\/wp-content\/uploads\/2024\/01\/10604618_528049153995634_5294333459973142062_o.jpg\" alt=\"\"><\/p>\n<h2>\n<p>Alkistis (Administratrice)<\/p>\n<\/h2>\n<div>\n<p>Chers amis,<\/p>\n<p>Je m&rsquo;appelle Alkistis, g\u00e9rante de l&rsquo;h\u00e9bergement Villehardouin. J&rsquo;ai \u00e9tudi\u00e9 le droit et je travaille professionnellement en tant qu&rsquo;avocat dans l&rsquo;unit\u00e9 r\u00e9gionale de C\u00e9phalonie, sp\u00e9cialis\u00e9 en droit public. De plus, je suis passionn\u00e9e par la danse et le th\u00e9\u00e2tre, je passe du temps en fitness et j&rsquo;aime cuisiner des d\u00e9gustations pour mes amis.<\/p>\n<p>Forte de ma formation artistique et de mon amour pour l\u2019h\u00f4tellerie, j\u2019ai d\u00e9cid\u00e9 de me lancer dans le domaine de l\u2019h\u00f4tellerie. Ici, j&rsquo;esp\u00e8re non seulement vous offrir un s\u00e9jour confortable mais aussi partager avec vous mon esth\u00e9tique et mon enthousiasme \u00e0 faire en sorte que nos h\u00f4tes se sentent chez eux.<\/p>\n<p>J&rsquo;esp\u00e8re vous rencontrer en personne et vous accueillir dans notre bel h\u00e9bergement.<\/p>\n<\/p>\n<\/div>\n<p><!--more--><br \/>\n<!-- {\"type\":\"layout\",\"children\":[{\"type\":\"section\",\"props\":{\"image_position\":\"center-center\",\"style\":\"muted\",\"title_breakpoint\":\"xl\",\"title_position\":\"top-left\",\"title_rotation\":\"left\",\"vertical_align\":\"middle\",\"width\":\"default\"},\"children\":[{\"type\":\"row\",\"children\":[{\"type\":\"column\",\"props\":{\"image_position\":\"center-center\",\"position_sticky_breakpoint\":\"m\"},\"children\":[{\"type\":\"headline\",\"props\":{\"content\":\"Pour nous\",\"text_align\":\"center\",\"title_element\":\"h1\"}}]}]}]},{\"type\":\"section\",\"props\":{\"image_position\":\"center-center\",\"style\":\"default\",\"title_breakpoint\":\"xl\",\"title_position\":\"top-left\",\"title_rotation\":\"left\",\"vertical_align\":\"middle\",\"width\":\"default\"},\"children\":[{\"type\":\"row\",\"props\":{\"layout\":\"1-2,1-2\"},\"children\":[{\"type\":\"column\",\"props\":{\"image_position\":\"center-center\",\"position_sticky_breakpoint\":\"m\",\"style\":\"card-primary\",\"width_medium\":\"1-2\"},\"children\":[{\"type\":\"image\",\"props\":{\"image\":\"wp-content\\\/uploads\\\/2024\\\/01\\\/10604618_528049153995634_5294333459973142062_o.jpg\",\"image_svg_color\":\"emphasis\",\"margin\":\"default\"}}]},{\"type\":\"column\",\"props\":{\"image_position\":\"center-center\",\"position_sticky_breakpoint\":\"m\",\"style\":\"tile-primary\",\"width_medium\":\"1-2\"},\"children\":[{\"type\":\"headline\",\"props\":{\"content\":\"\n\n<p>Alkistis (Administratrice)<\\\/p>\",\"text_align\":\"center\",\"title_element\":\"h2\"}},{\"type\":\"text\",\"props\":{\"column_breakpoint\":\"m\",\"content\":\"\n\n<p>Chers amis,<\\\/p>\\n\n\n<p>Je m'appelle Alkistis, g\\u00e9rante de l'h\\u00e9bergement Villehardouin. J'ai \\u00e9tudi\\u00e9 le droit et je travaille professionnellement en tant qu'avocat dans l'unit\\u00e9 r\\u00e9gionale de C\\u00e9phalonie, sp\\u00e9cialis\\u00e9 en droit public. De plus, je suis passionn\\u00e9e par la danse et le th\\u00e9\\u00e2tre, je passe du temps en fitness et j'aime cuisiner des d\\u00e9gustations pour mes amis.<\\\/p>\\n\n\n<p>Forte de ma formation artistique et de mon amour pour l\\u2019h\\u00f4tellerie, j\\u2019ai d\\u00e9cid\\u00e9 de me lancer dans le domaine de l\\u2019h\\u00f4tellerie. Ici, j'esp\\u00e8re non seulement vous offrir un s\\u00e9jour confortable mais aussi partager avec vous mon esth\\u00e9tique et mon enthousiasme \\u00e0 faire en sorte que nos h\\u00f4tes se sentent chez eux.<\\\/p>\\n\n\n<p>J'esp\\u00e8re vous rencontrer en personne et vous accueillir dans notre bel h\\u00e9bergement.<\\\/p>\\n\n\n<p><\\\/p>\",\"margin\":\"default\",\"text_align\":\"justify\",\"text_style\":\"lead\"}}]}]}]}],\"version\":\"4.2.6\"} --><\/p>\n","protected":false},"excerpt":{"rendered":"<p>Pour nous Alkistis (Administratrice) Chers amis, Je m&rsquo;appelle Alkistis, g\u00e9rante de l&rsquo;h\u00e9bergement Villehardouin. J&rsquo;ai \u00e9tudi\u00e9 le droit et je travaille professionnellement en tant qu&rsquo;avocat dans l&rsquo;unit\u00e9 r\u00e9gionale de C\u00e9phalonie, sp\u00e9cialis\u00e9 en droit public. De plus, je suis passionn\u00e9e par la danse et le th\u00e9\u00e2tre, je passe du temps en fitness et j&rsquo;aime cuisiner des d\u00e9gustations [&hellip;]<\/p>\n","protected":false},"author":1,"featured_media":0,"parent":0,"menu_order":0,"comment_status":"closed","ping_status":"closed","template":"","meta":{"footnotes":""},"class_list":["post-1683","page","type-page","status-publish","hentry"],"_links":{"self":[{"href":"https:\/\/villehardouin.com\/fr\/wp-json\/wp\/v2\/pages\/1683","targetHints":{"allow":["GET"]}}],"collection":[{"href":"https:\/\/villehardouin.com\/fr\/wp-json\/wp\/v2\/pages"}],"about":[{"href":"https:\/\/villehardouin.com\/fr\/wp-json\/wp\/v2\/types\/page"}],"author":[{"embeddable":true,"href":"https:\/\/villehardouin.com\/fr\/wp-json\/wp\/v2\/users\/1"}],"replies":[{"embeddable":true,"href":"https:\/\/villehardouin.com\/fr\/wp-json\/wp\/v2\/comments?post=1683"}],"version-history":[{"count":4,"href":"https:\/\/villehardouin.com\/fr\/wp-json\/wp\/v2\/pages\/1683\/revisions"}],"predecessor-version":[{"id":2472,"href":"https:\/\/villehardouin.com\/fr\/wp-json\/wp\/v2\/pages\/1683\/revisions\/2472"}],"wp:attachment":[{"href":"https:\/\/villehardouin.com\/fr\/wp-json\/wp\/v2\/media?parent=1683"}],"curies":[{"name":"wp","href":"https:\/\/api.w.org\/{rel}","templated":true}]}}