{"id":1382,"date":"2024-01-30T12:52:59","date_gmt":"2024-01-30T12:52:59","guid":{"rendered":"https:\/\/villehardouin.com\/?page_id=1382"},"modified":"2024-10-09T10:04:20","modified_gmt":"2024-10-09T10:04:20","slug":"ueber-uns","status":"publish","type":"page","link":"https:\/\/villehardouin.com\/de\/ueber-uns\/","title":{"rendered":"\u00dcber uns"},"content":{"rendered":"<h1>\u00dcber uns<\/h1>\n<p><img decoding=\"async\" src=\"\/wp-content\/uploads\/2024\/01\/10604618_528049153995634_5294333459973142062_o.jpg\" alt=\"\"><\/p>\n<h2>\n<p>Alkistis (Admin)<\/p>\n<\/h2>\n<div>\n<p>Dear Friends,<\/p>\n<p>Ich bin Alkistis, Manager der Unterkunft Villehardouin. Ich habe Jura studiert und bin beruflich als Rechtsanwalt in der Regionaleinheit von Kefalonia t\u00e4tig, spezialisiert auf \u00f6ffentliches Recht. Dar\u00fcber hinaus begeistere ich mich f\u00fcr Tanz und Theater, w\u00e4hrend ich Zeit im Fitnessbereich verbringe und es liebe, Degustationsmen\u00fc f\u00fcr meine Freunde zu kochen.<\/p>\n<p>Mit meinem k\u00fcnstlerischen Hintergrund und meiner Liebe zum Gastgewerbe beschloss ich, in die Hotellerie einzusteigen. Hier hoffe ich, Ihnen nicht nur einen angenehmen Aufenthalt zu bieten, sondern auch meine \u00c4sthetik und meinen Enthusiasmus f\u00fcr das Gef\u00fchl unserer G\u00e4ste mit Ihnen zu teilen.<\/p>\n<p>Ich hoffe, Sie pers\u00f6nlich kennenzulernen und Sie in unserer sch\u00f6nen Unterkunft willkommen zu hei\u00dfen.<\/p>\n<\/p>\n<\/div>\n<p><!--more--><br \/>\n<!-- {\"type\":\"layout\",\"children\":[{\"type\":\"section\",\"props\":{\"image_position\":\"center-center\",\"style\":\"muted\",\"title_breakpoint\":\"xl\",\"title_position\":\"top-left\",\"title_rotation\":\"left\",\"vertical_align\":\"middle\",\"width\":\"default\"},\"children\":[{\"type\":\"row\",\"children\":[{\"type\":\"column\",\"props\":{\"image_position\":\"center-center\",\"position_sticky_breakpoint\":\"m\"},\"children\":[{\"type\":\"headline\",\"props\":{\"content\":\"\\u00dcber uns\",\"text_align\":\"center\",\"title_element\":\"h1\"}}]}]}]},{\"type\":\"section\",\"props\":{\"image_position\":\"center-center\",\"style\":\"default\",\"title_breakpoint\":\"xl\",\"title_position\":\"top-left\",\"title_rotation\":\"left\",\"vertical_align\":\"middle\",\"width\":\"default\"},\"children\":[{\"type\":\"row\",\"props\":{\"layout\":\"1-2,1-2\"},\"children\":[{\"type\":\"column\",\"props\":{\"image_position\":\"center-center\",\"position_sticky_breakpoint\":\"m\",\"style\":\"card-primary\",\"width_medium\":\"1-2\"},\"children\":[{\"type\":\"image\",\"props\":{\"image\":\"wp-content\\\/uploads\\\/2024\\\/01\\\/10604618_528049153995634_5294333459973142062_o.jpg\",\"image_svg_color\":\"emphasis\",\"margin\":\"default\"}}]},{\"type\":\"column\",\"props\":{\"image_position\":\"center-center\",\"position_sticky_breakpoint\":\"m\",\"style\":\"tile-primary\",\"width_medium\":\"1-2\"},\"children\":[{\"type\":\"headline\",\"props\":{\"content\":\"\n\n<p>Alkistis (Admin)<\\\/p>\",\"text_align\":\"center\",\"title_element\":\"h2\"}},{\"type\":\"text\",\"props\":{\"column_breakpoint\":\"m\",\"content\":\"\n\n<p>Dear Friends,<\\\/p>\\n\n\n<p>Ich bin Alkistis, Manager der Unterkunft Villehardouin. Ich habe Jura studiert und bin beruflich als Rechtsanwalt in der Regionaleinheit von Kefalonia t\\u00e4tig, spezialisiert auf \\u00f6ffentliches Recht. Dar\\u00fcber hinaus begeistere ich mich f\\u00fcr Tanz und Theater, w\\u00e4hrend ich Zeit im Fitnessbereich verbringe und es liebe, Degustationsmen\\u00fc f\\u00fcr meine Freunde zu kochen.<\\\/p>\\n\n\n<p>Mit meinem k\\u00fcnstlerischen Hintergrund und meiner Liebe zum Gastgewerbe beschloss ich, in die Hotellerie einzusteigen. Hier hoffe ich, Ihnen nicht nur einen angenehmen Aufenthalt zu bieten, sondern auch meine \\u00c4sthetik und meinen Enthusiasmus f\\u00fcr das Gef\\u00fchl unserer G\\u00e4ste mit Ihnen zu teilen.<\\\/p>\\n\n\n<p>Ich hoffe, Sie pers\\u00f6nlich kennenzulernen und Sie in unserer sch\\u00f6nen Unterkunft willkommen zu hei\\u00dfen.<\\\/p>\\n\n\n<p><\\\/p>\",\"margin\":\"default\",\"text_align\":\"justify\",\"text_style\":\"lead\"}}]}]}]}],\"version\":\"4.2.6\"} --><\/p>\n","protected":false},"excerpt":{"rendered":"<p>\u00dcber uns Alkistis (Admin) Dear Friends, Ich bin Alkistis, Manager der Unterkunft Villehardouin. Ich habe Jura studiert und bin beruflich als Rechtsanwalt in der Regionaleinheit von Kefalonia t\u00e4tig, spezialisiert auf \u00f6ffentliches Recht. Dar\u00fcber hinaus begeistere ich mich f\u00fcr Tanz und Theater, w\u00e4hrend ich Zeit im Fitnessbereich verbringe und es liebe, Degustationsmen\u00fc f\u00fcr meine Freunde zu [&hellip;]<\/p>\n","protected":false},"author":1,"featured_media":0,"parent":0,"menu_order":0,"comment_status":"closed","ping_status":"closed","template":"","meta":{"footnotes":""},"class_list":["post-1382","page","type-page","status-publish","hentry"],"_links":{"self":[{"href":"https:\/\/villehardouin.com\/de\/wp-json\/wp\/v2\/pages\/1382","targetHints":{"allow":["GET"]}}],"collection":[{"href":"https:\/\/villehardouin.com\/de\/wp-json\/wp\/v2\/pages"}],"about":[{"href":"https:\/\/villehardouin.com\/de\/wp-json\/wp\/v2\/types\/page"}],"author":[{"embeddable":true,"href":"https:\/\/villehardouin.com\/de\/wp-json\/wp\/v2\/users\/1"}],"replies":[{"embeddable":true,"href":"https:\/\/villehardouin.com\/de\/wp-json\/wp\/v2\/comments?post=1382"}],"version-history":[{"count":5,"href":"https:\/\/villehardouin.com\/de\/wp-json\/wp\/v2\/pages\/1382\/revisions"}],"predecessor-version":[{"id":2446,"href":"https:\/\/villehardouin.com\/de\/wp-json\/wp\/v2\/pages\/1382\/revisions\/2446"}],"wp:attachment":[{"href":"https:\/\/villehardouin.com\/de\/wp-json\/wp\/v2\/media?parent=1382"}],"curies":[{"name":"wp","href":"https:\/\/api.w.org\/{rel}","templated":true}]}}